{"id":555,"date":"2019-05-06T15:56:35","date_gmt":"2019-05-06T13:56:35","guid":{"rendered":"http:\/\/www.cogemacoustic.org\/site\/?page_id=555"},"modified":"2021-12-09T18:03:35","modified_gmt":"2021-12-09T17:03:35","slug":"company-news","status":"publish","type":"page","link":"https:\/\/www.cogemacoustic.com\/en\/company-news\/","title":{"rendered":"Company news"},"content":{"rendered":"<p>[et_pb_section fb_built=&#8221;1&#8243; admin_label=&#8221;Hero&#8221; _builder_version=&#8221;3.22.3&#8243; background_color=&#8221;rgba(0,0,0,0.6)&#8221; use_background_color_gradient=&#8221;on&#8221; background_color_gradient_start=&#8221;rgba(0,0,0,0.5)&#8221; background_color_gradient_end=&#8221;rgba(0,0,0,0)&#8221; background_color_gradient_overlays_image=&#8221;on&#8221; parallax=&#8221;on&#8221; parallax_method=&#8221;off&#8221; custom_margin=&#8221;|||&#8221; custom_padding=&#8221;70px||0px|||&#8221; top_divider_style=&#8221;slant2&#8243; top_divider_color=&#8221;#d54745&#8243; bottom_divider_style=&#8221;slant&#8221; bottom_divider_color=&#8221;#ffffff&#8221; bottom_divider_flip=&#8221;horizontal&#8221; animation_style=&#8221;slide&#8221; animation_direction=&#8221;top&#8221; animation_intensity_slide=&#8221;5%&#8221; animation_starting_opacity=&#8221;100%&#8221; z_index_tablet=&#8221;500&#8243; global_colors_info=&#8221;{}&#8221;][et_pb_row column_structure=&#8221;3_4,1_4&#8243; _builder_version=&#8221;3.25&#8243; background_size=&#8221;initial&#8221; background_position=&#8221;top_left&#8221; background_repeat=&#8221;repeat&#8221; custom_padding=&#8221;27px|0px|50px|0px&#8221; z_index_tablet=&#8221;500&#8243; global_colors_info=&#8221;{}&#8221;][et_pb_column type=&#8221;3_4&#8243; _builder_version=&#8221;3.25&#8243; custom_padding=&#8221;|||&#8221; global_colors_info=&#8221;{}&#8221; custom_padding__hover=&#8221;|||&#8221;][et_pb_text admin_label=&#8221;Title&#8221; _builder_version=&#8221;4.13.1&#8243; text_font=&#8221;Archivo Narrow|700||on|||||&#8221; text_font_size=&#8221;40px&#8221; text_line_height=&#8221;0.9em&#8221; header_font=&#8221;Archivo Narrow|600|||||||&#8221; header_font_size=&#8221;40px&#8221; header_line_height=&#8221;1.2em&#8221; header_2_font=&#8221;Archivo Narrow|600|||||||&#8221; header_2_font_size=&#8221;75px&#8221; background_layout=&#8221;dark&#8221; animation_style=&#8221;zoom&#8221; animation_direction=&#8221;left&#8221; animation_intensity_zoom=&#8221;10%&#8221; text_font_size_tablet=&#8221;30px&#8221; text_font_size_phone=&#8221;24px&#8221; text_font_size_last_edited=&#8221;on|desktop&#8221; header_font_size_tablet=&#8221;35px&#8221; header_font_size_phone=&#8221;25px&#8221; header_font_size_last_edited=&#8221;on|phone&#8221; header_2_font_size_tablet=&#8221;55px&#8221; header_2_font_size_phone=&#8221;35px&#8221; header_2_font_size_last_edited=&#8221;on|phone&#8221; z_index_tablet=&#8221;500&#8243; global_colors_info=&#8221;{}&#8221; text_letter_spacing__hover_enabled=&#8221;on&#8221;]<\/p>\n<h2>SEE WHAT&#8217;S NEW<\/h2>\n<h5>FIND ALL THE COMPANY NEWS HERE: NEW PROJECTS, PRESENCE AT INTERNATIONAL FAIRS, TUNNEL AND MINE VENTILATION NEWS OR JUST A FEW ARTICLES ON THE LIFE OF THE COMPANY.<\/h5>\n<p>[\/et_pb_text][et_pb_divider divider_weight=&#8221;3&#8243; admin_label=&#8221;S\u00e9parateur&#8221; _builder_version=&#8221;3.22.2&#8243; max_width=&#8221;200px&#8221; z_index_tablet=&#8221;500&#8243; global_colors_info=&#8221;{}&#8221;][\/et_pb_divider][et_pb_text _builder_version=&#8221;4.10.8&#8243; _module_preset=&#8221;default&#8221; global_colors_info=&#8221;{}&#8221;]<\/p>\n<p><span style=\"color: #ffffff;\">Please do not hesitate to contact us via<\/span><strong> <a href=\"https:\/\/www.cogemacoustic.com\/en\/contact\/\">our contact form<\/a><\/strong><span style=\"color: #ffffff;\"> to ask us for more information regarding an event or a mine and tunnel ventilation project.<\/span><\/p>\n<p>[\/et_pb_text][\/et_pb_column][et_pb_column type=&#8221;1_4&#8243; _builder_version=&#8221;3.25&#8243; custom_padding=&#8221;|||&#8221; global_colors_info=&#8221;{}&#8221; custom_padding__hover=&#8221;|||&#8221;][\/et_pb_column][\/et_pb_row][\/et_pb_section][et_pb_section fb_built=&#8221;1&#8243; admin_label=&#8221;Resources&#8221; _builder_version=&#8221;3.22.3&#8243; min_height=&#8221;448px&#8221; custom_margin=&#8221;|||&#8221; custom_padding=&#8221;||0px|||&#8221; global_colors_info=&#8221;{}&#8221;][et_pb_row make_equal=&#8221;on&#8221; _builder_version=&#8221;3.25&#8243; global_colors_info=&#8221;{}&#8221;][et_pb_column type=&#8221;4_4&#8243; _builder_version=&#8221;3.25&#8243; custom_padding=&#8221;|||&#8221; global_colors_info=&#8221;{}&#8221; custom_padding__hover=&#8221;|||&#8221;][et_pb_filterable_portfolio fullwidth=&#8221;off&#8221; include_categories=&#8221;13,27&#8243; _builder_version=&#8221;4.14.2&#8243; filter_font=&#8221;||||||||&#8221; filter_text_color=&#8221;#d54745&#8243; hover_enabled=&#8221;0&#8243; global_colors_info=&#8221;{}&#8221; sticky_enabled=&#8221;0&#8243;][\/et_pb_filterable_portfolio][\/et_pb_column][\/et_pb_row][\/et_pb_section]<\/p>\n","protected":false},"excerpt":{"rendered":"<p>SEE WHAT&#8217;S NEW FIND ALL THE COMPANY NEWS HERE: NEW PROJECTS, PRESENCE AT INTERNATIONAL FAIRS, TUNNEL AND MINE VENTILATION NEWS OR JUST A FEW ARTICLES ON THE LIFE OF THE COMPANY.Please do not hesitate to contact us via our contact form to ask us for more information regarding an event or a mine and tunnel [&hellip;]<\/p>\n","protected":false},"author":2,"featured_media":0,"parent":0,"menu_order":0,"comment_status":"closed","ping_status":"closed","template":"","meta":{"_et_pb_use_builder":"on","_et_pb_old_content":"<p>Voici un exemple de page. Elle est diff\u00e9rente d\u2019un article de blog, en cela qu\u2019elle restera \u00e0 la m\u00eame place, et s\u2019affichera dans le menu de navigation de votre site (en fonction de votre th\u00e8me). La plupart des gens commencent par \u00e9crire une page \u00ab\u00a0\u00c0 Propos\u00a0\u00bb qui les pr\u00e9sente aux visiteurs potentiels du site. Vous pourriez y \u00e9crire quelque chose de ce tenant\u00a0:<\/p><blockquote><p>Bonjour\u00a0! Je suis un m\u00e9canicien qui aspire \u00e0 devenir un acteur, et ceci est mon blog. J\u2019habite \u00e0 Bordeaux, j\u2019ai un super chien qui s\u2019appelle Russell, et j\u2019aime la vodka-ananas (ainsi que perdre mon temps \u00e0 regarder la pluie tomber).<\/p><\/blockquote><p>...ou bien quelque chose comme cela\u00a0:<\/p><blockquote><p>La soci\u00e9t\u00e9 123 Machin Truc a \u00e9t\u00e9 cr\u00e9\u00e9e en 1971, et n\u2019a cess\u00e9 de proposer au public des machins-trucs de qualit\u00e9 depuis cette ann\u00e9e. Situ\u00e9e \u00e0 Saint-Remy-en-Bouzemont-Saint-Genest-et-Isson, 123 Machin Truc emploie 2\u00a0000 personnes, et fabrique toutes sortes de bidules super pour la communaut\u00e9 bouzemontoise.<\/p><\/blockquote><p>\u00c9tant donn\u00e9 que vous \u00eates un nouvel utilisateur ou une nouvelle utilisatrice de WordPress, vous devriez vous rendre sur votre <a href=\"https:\/\/www.cogemacoustic.org\/site\/wp-admin\/\">tableau de bord<\/a> pour effacer la pr\u00e9sente page, et cr\u00e9er de nouvelles pages avec votre propre contenu. Amusez-vous bien\u00a0!<\/p>","_et_gb_content_width":"","footnotes":""},"class_list":["post-555","page","type-page","status-publish","hentry"],"yoast_head":"<!-- This site is optimized with the Yoast SEO plugin v27.4 - https:\/\/yoast.com\/product\/yoast-seo-wordpress\/ -->\n<title>Tunnel and Mine Ventilation News from COGEMACOUSTIC<\/title>\n<meta name=\"description\" content=\"Our latest projects, tunnel and mine ventilation news and apperences on international events all gathered in one place.\" \/>\n<meta name=\"robots\" content=\"index, follow, max-snippet:-1, max-image-preview:large, max-video-preview:-1\" \/>\n<link rel=\"canonical\" href=\"https:\/\/www.cogemacoustic.com\/en\/company-news\/\" \/>\n<meta property=\"og:locale\" content=\"en_US\" \/>\n<meta property=\"og:type\" content=\"article\" \/>\n<meta property=\"og:title\" content=\"Tunnel and Mine Ventilation News from COGEMACOUSTIC\" \/>\n<meta property=\"og:description\" content=\"Our latest projects, tunnel and mine ventilation news and apperences on international events all gathered in one place.\" \/>\n<meta property=\"og:url\" content=\"https:\/\/www.cogemacoustic.com\/en\/company-news\/\" \/>\n<meta property=\"og:site_name\" content=\"Cogemacoustic\" \/>\n<meta property=\"article:modified_time\" content=\"2021-12-09T17:03:35+00:00\" \/>\n<meta name=\"twitter:card\" content=\"summary_large_image\" \/>\n<meta name=\"twitter:label1\" content=\"Est. reading time\" \/>\n\t<meta name=\"twitter:data1\" content=\"2 minutes\" \/>\n<script type=\"application\/ld+json\" class=\"yoast-schema-graph\">{\"@context\":\"https:\\\/\\\/schema.org\",\"@graph\":[{\"@type\":\"WebPage\",\"@id\":\"https:\\\/\\\/www.cogemacoustic.com\\\/en\\\/company-news\\\/\",\"url\":\"https:\\\/\\\/www.cogemacoustic.com\\\/en\\\/company-news\\\/\",\"name\":\"Tunnel and Mine Ventilation News from COGEMACOUSTIC\",\"isPartOf\":{\"@id\":\"https:\\\/\\\/www.cogemacoustic.com\\\/#website\"},\"datePublished\":\"2019-05-06T13:56:35+00:00\",\"dateModified\":\"2021-12-09T17:03:35+00:00\",\"description\":\"Our latest projects, tunnel and mine ventilation news and apperences on international events all gathered in one place.\",\"breadcrumb\":{\"@id\":\"https:\\\/\\\/www.cogemacoustic.com\\\/en\\\/company-news\\\/#breadcrumb\"},\"inLanguage\":\"en-US\",\"potentialAction\":[{\"@type\":\"ReadAction\",\"target\":[\"https:\\\/\\\/www.cogemacoustic.com\\\/en\\\/company-news\\\/\"]}]},{\"@type\":\"BreadcrumbList\",\"@id\":\"https:\\\/\\\/www.cogemacoustic.com\\\/en\\\/company-news\\\/#breadcrumb\",\"itemListElement\":[{\"@type\":\"ListItem\",\"position\":1,\"name\":\"Accueil\",\"item\":\"https:\\\/\\\/www.cogemacoustic.com\\\/en\\\/\"},{\"@type\":\"ListItem\",\"position\":2,\"name\":\"Company news\"}]},{\"@type\":\"WebSite\",\"@id\":\"https:\\\/\\\/www.cogemacoustic.com\\\/#website\",\"url\":\"https:\\\/\\\/www.cogemacoustic.com\\\/\",\"name\":\"Cogemacoustic\",\"description\":\"Ventilation Systems\",\"publisher\":{\"@id\":\"https:\\\/\\\/www.cogemacoustic.com\\\/#organization\"},\"potentialAction\":[{\"@type\":\"SearchAction\",\"target\":{\"@type\":\"EntryPoint\",\"urlTemplate\":\"https:\\\/\\\/www.cogemacoustic.com\\\/?s={search_term_string}\"},\"query-input\":{\"@type\":\"PropertyValueSpecification\",\"valueRequired\":true,\"valueName\":\"search_term_string\"}}],\"inLanguage\":\"en-US\"},{\"@type\":\"Organization\",\"@id\":\"https:\\\/\\\/www.cogemacoustic.com\\\/#organization\",\"name\":\"ECE COGEMACOUSTIC\",\"url\":\"https:\\\/\\\/www.cogemacoustic.com\\\/\",\"logo\":{\"@type\":\"ImageObject\",\"inLanguage\":\"en-US\",\"@id\":\"https:\\\/\\\/www.cogemacoustic.com\\\/#\\\/schema\\\/logo\\\/image\\\/\",\"url\":\"https:\\\/\\\/www.cogemacoustic.com\\\/site\\\/wp-content\\\/uploads\\\/2019\\\/09\\\/logo_cogemacoustic-small.png\",\"contentUrl\":\"https:\\\/\\\/www.cogemacoustic.com\\\/site\\\/wp-content\\\/uploads\\\/2019\\\/09\\\/logo_cogemacoustic-small.png\",\"width\":360,\"height\":78,\"caption\":\"ECE COGEMACOUSTIC\"},\"image\":{\"@id\":\"https:\\\/\\\/www.cogemacoustic.com\\\/#\\\/schema\\\/logo\\\/image\\\/\"},\"sameAs\":[\"https:\\\/\\\/www.linkedin.com\\\/company\\\/ece-cogemacoustic\",\"https:\\\/\\\/youtu.be\\\/ij21XofrkAY\"]}]}<\/script>\n<!-- \/ Yoast SEO plugin. -->","yoast_head_json":{"title":"Tunnel and Mine Ventilation News from COGEMACOUSTIC","description":"Our latest projects, tunnel and mine ventilation news and apperences on international events all gathered in one place.","robots":{"index":"index","follow":"follow","max-snippet":"max-snippet:-1","max-image-preview":"max-image-preview:large","max-video-preview":"max-video-preview:-1"},"canonical":"https:\/\/www.cogemacoustic.com\/en\/company-news\/","og_locale":"en_US","og_type":"article","og_title":"Tunnel and Mine Ventilation News from COGEMACOUSTIC","og_description":"Our latest projects, tunnel and mine ventilation news and apperences on international events all gathered in one place.","og_url":"https:\/\/www.cogemacoustic.com\/en\/company-news\/","og_site_name":"Cogemacoustic","article_modified_time":"2021-12-09T17:03:35+00:00","twitter_card":"summary_large_image","twitter_misc":{"Est. reading time":"2 minutes"},"schema":{"@context":"https:\/\/schema.org","@graph":[{"@type":"WebPage","@id":"https:\/\/www.cogemacoustic.com\/en\/company-news\/","url":"https:\/\/www.cogemacoustic.com\/en\/company-news\/","name":"Tunnel and Mine Ventilation News from COGEMACOUSTIC","isPartOf":{"@id":"https:\/\/www.cogemacoustic.com\/#website"},"datePublished":"2019-05-06T13:56:35+00:00","dateModified":"2021-12-09T17:03:35+00:00","description":"Our latest projects, tunnel and mine ventilation news and apperences on international events all gathered in one place.","breadcrumb":{"@id":"https:\/\/www.cogemacoustic.com\/en\/company-news\/#breadcrumb"},"inLanguage":"en-US","potentialAction":[{"@type":"ReadAction","target":["https:\/\/www.cogemacoustic.com\/en\/company-news\/"]}]},{"@type":"BreadcrumbList","@id":"https:\/\/www.cogemacoustic.com\/en\/company-news\/#breadcrumb","itemListElement":[{"@type":"ListItem","position":1,"name":"Accueil","item":"https:\/\/www.cogemacoustic.com\/en\/"},{"@type":"ListItem","position":2,"name":"Company news"}]},{"@type":"WebSite","@id":"https:\/\/www.cogemacoustic.com\/#website","url":"https:\/\/www.cogemacoustic.com\/","name":"Cogemacoustic","description":"Ventilation Systems","publisher":{"@id":"https:\/\/www.cogemacoustic.com\/#organization"},"potentialAction":[{"@type":"SearchAction","target":{"@type":"EntryPoint","urlTemplate":"https:\/\/www.cogemacoustic.com\/?s={search_term_string}"},"query-input":{"@type":"PropertyValueSpecification","valueRequired":true,"valueName":"search_term_string"}}],"inLanguage":"en-US"},{"@type":"Organization","@id":"https:\/\/www.cogemacoustic.com\/#organization","name":"ECE COGEMACOUSTIC","url":"https:\/\/www.cogemacoustic.com\/","logo":{"@type":"ImageObject","inLanguage":"en-US","@id":"https:\/\/www.cogemacoustic.com\/#\/schema\/logo\/image\/","url":"https:\/\/www.cogemacoustic.com\/site\/wp-content\/uploads\/2019\/09\/logo_cogemacoustic-small.png","contentUrl":"https:\/\/www.cogemacoustic.com\/site\/wp-content\/uploads\/2019\/09\/logo_cogemacoustic-small.png","width":360,"height":78,"caption":"ECE COGEMACOUSTIC"},"image":{"@id":"https:\/\/www.cogemacoustic.com\/#\/schema\/logo\/image\/"},"sameAs":["https:\/\/www.linkedin.com\/company\/ece-cogemacoustic","https:\/\/youtu.be\/ij21XofrkAY"]}]}},"_links":{"self":[{"href":"https:\/\/www.cogemacoustic.com\/en\/wp-json\/wp\/v2\/pages\/555","targetHints":{"allow":["GET"]}}],"collection":[{"href":"https:\/\/www.cogemacoustic.com\/en\/wp-json\/wp\/v2\/pages"}],"about":[{"href":"https:\/\/www.cogemacoustic.com\/en\/wp-json\/wp\/v2\/types\/page"}],"author":[{"embeddable":true,"href":"https:\/\/www.cogemacoustic.com\/en\/wp-json\/wp\/v2\/users\/2"}],"replies":[{"embeddable":true,"href":"https:\/\/www.cogemacoustic.com\/en\/wp-json\/wp\/v2\/comments?post=555"}],"version-history":[{"count":11,"href":"https:\/\/www.cogemacoustic.com\/en\/wp-json\/wp\/v2\/pages\/555\/revisions"}],"predecessor-version":[{"id":11055,"href":"https:\/\/www.cogemacoustic.com\/en\/wp-json\/wp\/v2\/pages\/555\/revisions\/11055"}],"wp:attachment":[{"href":"https:\/\/www.cogemacoustic.com\/en\/wp-json\/wp\/v2\/media?parent=555"}],"curies":[{"name":"wp","href":"https:\/\/api.w.org\/{rel}","templated":true}]}}