{"id":11110,"date":"2019-04-24T16:51:05","date_gmt":"2019-04-24T14:51:05","guid":{"rendered":"https:\/\/www.cogemacoustic.com\/ventilation-mine-et-tunnel\/"},"modified":"2022-02-16T14:32:36","modified_gmt":"2022-02-16T13:32:36","slug":"historia","status":"publish","type":"page","link":"https:\/\/www.cogemacoustic.com\/es\/historia\/","title":{"rendered":"Historia de COGEMACOUSTIC"},"content":{"rendered":"<p>[et_pb_section fb_built=&#8221;1&#8243; admin_label=&#8221;Hero&#8221; _builder_version=&#8221;3.22.3&#8243; background_color=&#8221;rgba(0,0,0,0.6)&#8221; use_background_color_gradient=&#8221;on&#8221; background_color_gradient_start=&#8221;rgba(0,0,0,0.5)&#8221; background_color_gradient_end=&#8221;rgba(0,0,0,0)&#8221; background_color_gradient_overlays_image=&#8221;on&#8221; parallax=&#8221;on&#8221; parallax_method=&#8221;off&#8221; custom_margin=&#8221;|||&#8221; custom_padding=&#8221;70px||0px|||&#8221; top_divider_style=&#8221;slant2&#8243; top_divider_color=&#8221;#d54745&#8243; bottom_divider_style=&#8221;slant&#8221; bottom_divider_color=&#8221;#ffffff&#8221; bottom_divider_flip=&#8221;horizontal&#8221; animation_style=&#8221;slide&#8221; animation_direction=&#8221;top&#8221; animation_intensity_slide=&#8221;5%&#8221; animation_starting_opacity=&#8221;100%&#8221; z_index_tablet=&#8221;500&#8243; global_colors_info=&#8221;{}&#8221;][et_pb_row column_structure=&#8221;3_4,1_4&#8243; _builder_version=&#8221;3.25&#8243; background_size=&#8221;initial&#8221; background_position=&#8221;top_left&#8221; background_repeat=&#8221;repeat&#8221; custom_padding=&#8221;27px|0px|50px|0px&#8221; z_index_tablet=&#8221;500&#8243; global_colors_info=&#8221;{}&#8221;][et_pb_column type=&#8221;3_4&#8243; _builder_version=&#8221;3.25&#8243; custom_padding=&#8221;|||&#8221; global_colors_info=&#8221;{}&#8221; custom_padding__hover=&#8221;|||&#8221;][et_pb_text admin_label=&#8221;Title&#8221; _builder_version=&#8221;4.14.7&#8243; text_font=&#8221;Archivo Narrow|700||on|||||&#8221; text_font_size=&#8221;40px&#8221; text_line_height=&#8221;0.9em&#8221; header_font=&#8221;||||||||&#8221; header_font_size=&#8221;97px&#8221; header_line_height=&#8221;1.2em&#8221; header_2_font=&#8221;Archivo Narrow|600|||||||&#8221; header_2_font_size=&#8221;75px&#8221; background_layout=&#8221;dark&#8221; animation_style=&#8221;zoom&#8221; animation_direction=&#8221;left&#8221; animation_intensity_zoom=&#8221;10%&#8221; text_font_size_tablet=&#8221;30px&#8221; text_font_size_phone=&#8221;24px&#8221; text_font_size_last_edited=&#8221;on|desktop&#8221; header_font_size_tablet=&#8221;80px&#8221; header_font_size_phone=&#8221;50px&#8221; header_font_size_last_edited=&#8221;on|desktop&#8221; header_2_font_size_tablet=&#8221;55px&#8221; header_2_font_size_phone=&#8221;35px&#8221; header_2_font_size_last_edited=&#8221;on|phone&#8221; z_index_tablet=&#8221;500&#8243; global_colors_info=&#8221;{}&#8221; text_letter_spacing__hover_enabled=&#8221;on&#8221;]<\/p>\n<h2>\u00a0HISTORIA DE COGEMACOUSTIC<\/h2>\n<p>[\/et_pb_text][\/et_pb_column][et_pb_column type=&#8221;1_4&#8243; _builder_version=&#8221;3.25&#8243; custom_padding=&#8221;|||&#8221; global_colors_info=&#8221;{}&#8221; custom_padding__hover=&#8221;|||&#8221;][\/et_pb_column][\/et_pb_row][\/et_pb_section][et_pb_section fb_built=&#8221;1&#8243; admin_label=&#8221;About&#8221; _builder_version=&#8221;3.22.3&#8243; custom_padding=&#8221;28px||34px|||&#8221; global_colors_info=&#8221;{}&#8221;][et_pb_row _builder_version=&#8221;3.25&#8243; custom_margin=&#8221;|||&#8221; custom_padding=&#8221;|||&#8221; global_colors_info=&#8221;{}&#8221;][et_pb_column type=&#8221;4_4&#8243; _builder_version=&#8221;3.25&#8243; custom_padding=&#8221;|||&#8221; global_colors_info=&#8221;{}&#8221; custom_padding__hover=&#8221;|||&#8221;][et_pb_text admin_label=&#8221;Title&#8221; _builder_version=&#8221;4.14.7&#8243; text_font=&#8221;Archivo Narrow|300|||||||&#8221; text_text_color=&#8221;#000000&#8243; text_font_size=&#8221;20px&#8221; text_line_height=&#8221;1.1em&#8221; header_font=&#8221;Archivo Narrow|700||on|||||&#8221; header_2_font=&#8221;Montserrat|500|||||||&#8221; header_2_text_align=&#8221;center&#8221; header_2_font_size=&#8221;30px&#8221; header_2_line_height=&#8221;1.4em&#8221; text_orientation=&#8221;justified&#8221; max_width=&#8221;800px&#8221; module_alignment=&#8221;center&#8221; animation_style=&#8221;slide&#8221; animation_direction=&#8221;top&#8221; z_index_tablet=&#8221;500&#8243; global_colors_info=&#8221;{}&#8221;]<\/p>\n<h1>ECE, es la historia de una empresa familiar inscrita en Haute-Vienne France en 1968.<\/h1>\n<p>[\/et_pb_text][et_pb_divider divider_weight=&#8221;3px&#8221; _builder_version=&#8221;3.22.2&#8243; max_width_tablet=&#8221;&#8221; max_width_phone=&#8221;&#8221; max_width_last_edited=&#8221;on|desktop&#8221; custom_margin=&#8221;-20px|||||&#8221; animation_style=&#8221;slide&#8221; animation_direction=&#8221;right&#8221; z_index_tablet=&#8221;500&#8243; global_colors_info=&#8221;{}&#8221;]<br \/>\n[\/et_pb_divider][et_pb_text admin_label=&#8221;Title&#8221; _builder_version=&#8221;4.14.7&#8243; text_font=&#8221;Archivo Narrow|300|||||||&#8221; text_text_color=&#8221;#000000&#8243; text_font_size=&#8221;20px&#8221; text_line_height=&#8221;1.1em&#8221; header_font=&#8221;Archivo Narrow|700||on|||||&#8221; header_2_font=&#8221;Montserrat|500|||||||&#8221; header_2_text_align=&#8221;center&#8221; header_2_font_size=&#8221;30px&#8221; header_2_line_height=&#8221;1.4em&#8221; text_orientation=&#8221;justified&#8221; max_width=&#8221;800px&#8221; module_alignment=&#8221;center&#8221; animation_style=&#8221;slide&#8221; animation_direction=&#8221;top&#8221; hover_enabled=&#8221;0&#8243; z_index_tablet=&#8221;500&#8243; global_colors_info=&#8221;{}&#8221; sticky_enabled=&#8221;0&#8243;]<\/p>\n<p>Especialista en ventilaci\u00f3n y fabricaci\u00f3n de captadores de polvos para minas, t\u00faneles y obras subterr\u00e1neas desde hace m\u00e1s de 30 a\u00f1os. <strong>COGEMACOUSTIC\u00ae<\/strong> pone su historia y experiencia a su servicio para definir y analizar sus necesidades.<\/p>\n<p>Todos nuestros estudios de anteproyecto, nuestra elaboraci\u00f3n de pliego de bases t\u00e9cnicas, nuestras misiones de auditor\u00eda de ventilaci\u00f3n se gu\u00edan por un mismo objetivo: el cumplimiento de las \u00faltimas recomendaciones vigentes. La seguridad de los trabajadores, la mejora de las condiciones de trabajo y la reducci\u00f3n de la contaminaci\u00f3n ac\u00fastica son imperativos en nuestros estudios, as\u00ed como la reducci\u00f3n del consumo de energ\u00eda. La historia de COGEMACOUSTIC est\u00e1 forjada en la calidad de sus productos y su saber hacer.<\/p>\n<p>Podemos ofrecerle soluciones de ventilaci\u00f3n de t\u00faneles y minas est\u00e1ndar o personalizadas. Nuestros ingenieros trabajan en un proceso permanente de investigaci\u00f3n y desarrollo de nuevas soluciones adaptadas a las necesidades de nuestros clientes.<\/p>\n<p>[\/et_pb_text][\/et_pb_column][\/et_pb_row][\/et_pb_section][et_pb_section fb_built=&#8221;1&#8243; admin_label=&#8221;Quote&#8221; _builder_version=&#8221;4.0.11&#8243; use_background_color_gradient=&#8221;on&#8221; background_color_gradient_start=&#8221;#d54745&#8243; background_color_gradient_end=&#8221;#962e2c&#8221; background_color_gradient_direction=&#8221;120deg&#8221; background_size=&#8221;contain&#8221; background_position=&#8221;top_right&#8221; max_width=&#8221;80%&#8221; max_width_tablet=&#8221;100%&#8221; max_width_phone=&#8221;&#8221; max_width_last_edited=&#8221;on|desktop&#8221; module_alignment=&#8221;right&#8221; custom_margin=&#8221;0px|||||&#8221; custom_padding=&#8221;0px||29px|||&#8221; animation_style=&#8221;slide&#8221; animation_direction=&#8221;right&#8221; animation_duration=&#8221;1500ms&#8221; z_index_tablet=&#8221;500&#8243; global_colors_info=&#8221;{}&#8221;][et_pb_row column_structure=&#8221;1_3,1_3,1_3&#8243; _builder_version=&#8221;4.0.11&#8243; width=&#8221;87.8%&#8221; custom_margin=&#8221;|auto|-67px|60px||&#8221; custom_margin_tablet=&#8221;|10%||10%&#8221; custom_margin_last_edited=&#8221;off|desktop&#8221; custom_padding=&#8221;0px||0px|||&#8221; z_index_tablet=&#8221;500&#8243; use_custom_width=&#8221;on&#8221; width_unit=&#8221;off&#8221; global_colors_info=&#8221;{}&#8221;][et_pb_column type=&#8221;1_3&#8243; _builder_version=&#8221;4.0.11&#8243; custom_padding=&#8221;|||&#8221; global_colors_info=&#8221;{}&#8221; custom_padding__hover=&#8221;|||&#8221;][et_pb_image src=&#8221;https:\/\/www.cogemacoustic.org\/site\/wp-content\/uploads\/2019\/05\/IMG_20170328_111411.jpg&#8221; alt=&#8221;Nueva planta de Cogemacoustic en Limoges&#8221; align_tablet=&#8221;center&#8221; align_phone=&#8221;&#8221; align_last_edited=&#8221;on|desktop&#8221; _builder_version=&#8221;4.14.7&#8243; width=&#8221;149.6%&#8221; custom_margin=&#8221;50px|||-201px|false|false&#8221; custom_padding=&#8221;0px|||||&#8221; animation_style=&#8221;slide&#8221; animation_direction=&#8221;left&#8221; animation_delay=&#8221;1000&#8243; z_index_tablet=&#8221;500&#8243; box_shadow_style=&#8221;preset1&#8243; box_shadow_vertical=&#8221;5px&#8221; box_shadow_blur=&#8221;25px&#8221; global_colors_info=&#8221;{}&#8221;]<br \/>\n[\/et_pb_image][\/et_pb_column][et_pb_column type=&#8221;1_3&#8243; _builder_version=&#8221;3.25&#8243; custom_padding=&#8221;|||&#8221; global_colors_info=&#8221;{}&#8221; custom_padding__hover=&#8221;|||&#8221;][et_pb_cta title=&#8221;1968&#8243; admin_label=&#8221;1968&#8243; _builder_version=&#8221;4.14.7&#8243; background_color=&#8221;rgba(213,71,69,0)&#8221; global_colors_info=&#8221;{}&#8221;]<\/p>\n<p style=\"text-align: center;\">Establecimiento de la empresa en Rochechouart en Haute-Vienne. Fabricaci\u00f3n de maquinaria para la industria del calzado y marroquiner\u00eda.<\/p>\n<p>[\/et_pb_cta][et_pb_cta title=&#8221;1988&#8243; admin_label=&#8221;1988&#8243; _builder_version=&#8221;4.14.7&#8243; background_color=&#8221;rgba(213,71,69,0)&#8221; global_colors_info=&#8221;{}&#8221;]<\/p>\n<p style=\"text-align: center;\">Creaci\u00f3n de una oficina de dise\u00f1o y nuevas instalaciones. El \u00e1rea operativa alcanza m\u00e1s de 3.500 m\u00b2. Modernizaci\u00f3n de los medios de producci\u00f3n.<\/p>\n<p>[\/et_pb_cta][et_pb_cta title=&#8221;1995&#8243; admin_label=&#8221;1995&#8243; _builder_version=&#8221;4.14.7&#8243; background_color=&#8221;rgba(213,71,69,0)&#8221; global_colors_info=&#8221;{}&#8221;]<\/p>\n<p style=\"text-align: center;\">Adquisici\u00f3n de la marca Cogemacoustic\u00ae y diversificaci\u00f3n de la actividad en ventilaci\u00f3n de ambientes subterr\u00e1neos. Esta nueva actividad le permite acercarse a <a href=\"https:\/\/www.cogemacoustic.com\/es\/nuestras-referencias\/\">un mercado global<\/a> y cerrar importantes contratos. (Metros de Nueva York, Barcelona, \u200b\u200bBangkok, minas de oro de Brasil, Mal\u00ed, Canad\u00e1, Indonesia)<\/p>\n<p>[\/et_pb_cta][et_pb_cta title=&#8221;2015&#8243; admin_label=&#8221;2015&#8243; _builder_version=&#8221;4.14.7&#8243; background_color=&#8221;rgba(213,71,69,0)&#8221; global_colors_info=&#8221;{}&#8221;]<\/p>\n<p style=\"text-align: center;\">Lanzamiento de la gama <a href=\"https:\/\/www.cogemacoustic.com\/es\/productos\/#tjr\">Jet-Fans<\/a> para la ventilaci\u00f3n permanente.<\/p>\n<p>[\/et_pb_cta][\/et_pb_column][et_pb_column type=&#8221;1_3&#8243; _builder_version=&#8221;3.25&#8243; custom_padding=&#8221;|||&#8221; global_colors_info=&#8221;{}&#8221; custom_padding__hover=&#8221;|||&#8221;][et_pb_divider show_divider=&#8221;off&#8221; _builder_version=&#8221;4.0.11&#8243; min_height=&#8221;50px&#8221; global_colors_info=&#8221;{}&#8221;][\/et_pb_divider][et_pb_cta title=&#8221;1987&#8243; admin_label=&#8221;1987&#8243; _builder_version=&#8221;4.14.7&#8243; background_color=&#8221;rgba(213,71,69,0)&#8221; global_colors_info=&#8221;{}&#8221;]<\/p>\n<p style=\"text-align: center;\">Adquisici\u00f3n de la empresa por Sr. Robert ORIEZ y el grupo <strong>SORGAFRA<\/strong>. Reorientaci\u00f3n de la actividad en el campo del estudio y la realizaci\u00f3n de equipos industriales especiales.<br \/><strong>ECE<\/strong> se convierte entonces en: dise\u00f1ador y fabricante de m\u00e1quinas especiales. Est\u00e1 en marcha una pol\u00edtica de desarrollo innovadora y proactiva a trav\u00e9s de numerosas inversiones.<\/p>\n<p>[\/et_pb_cta][et_pb_cta title=&#8221;1992&#8243; admin_label=&#8221;1992&#8243; _builder_version=&#8221;4.14.7&#8243; background_color=&#8221;rgba(213,71,69,0)&#8221; global_colors_info=&#8221;{}&#8221;]<\/p>\n<p style=\"text-align: center;\">El grupo SORGAFRA diversifica sus servicios en el campo de la mec\u00e1nica general (construcciones rob\u00f3ticas especiales, subcontrataci\u00f3n mec\u00e1nica, etc.).<\/p>\n<p>[\/et_pb_cta][et_pb_cta title=&#8221;19 de diciembre de 2008&#8243; admin_label=&#8221;19 d\u00e9cembre 2008&#8243; _builder_version=&#8221;4.14.7&#8243; background_color=&#8221;rgba(213,71,69,0)&#8221; global_colors_info=&#8221;{}&#8221;]<\/p>\n<p style=\"text-align: center;\">Inauguraci\u00f3n de la nueva f\u00e1brica de 12.000 m\u00b2 en las antiguas instalaciones de RENAULT TRUCKS en Limoges, totalmente renovada. ECE contin\u00faa evolucionando e impulsando una pol\u00edtica din\u00e1mica para enfrentar los desaf\u00edos de hoy y construir el ma\u00f1ana.<\/p>\n<p>[\/et_pb_cta][et_pb_cta title=&#8221;2017&#8243; admin_label=&#8221;2017&#8243; _builder_version=&#8221;4.14.7&#8243; background_color=&#8221;rgba(213,71,69,0)&#8221; global_colors_info=&#8221;{}&#8221;]<\/p>\n<p style=\"text-align: center;\">Interrupci\u00f3n de la actividad de m\u00e1quinas especiales para centrarnos en nuestro negocio principal, ventilaci\u00f3n y eliminaci\u00f3n de polvo en minas y t\u00faneles.<\/p>\n<p style=\"text-align: center;\">\u200b<\/p>\n<p>[\/et_pb_cta][\/et_pb_column][\/et_pb_row][\/et_pb_section]<\/p>\n","protected":false},"excerpt":{"rendered":"<p>\u00a0HISTORIA DE COGEMACOUSTICECE, es la historia de una empresa familiar inscrita en Haute-Vienne France en 1968. Especialista en ventilaci\u00f3n y fabricaci\u00f3n de captadores de polvos para minas, t\u00faneles y obras subterr\u00e1neas desde hace m\u00e1s de 30 a\u00f1os. COGEMACOUSTIC\u00ae pone su historia y experiencia a su servicio para definir y analizar sus necesidades. Todos nuestros estudios [&hellip;]<\/p>\n","protected":false},"author":2,"featured_media":0,"parent":0,"menu_order":0,"comment_status":"closed","ping_status":"closed","template":"","meta":{"_et_pb_use_builder":"on","_et_pb_old_content":"<p>Voici un exemple de page. Elle est diff\u00e9rente d\u2019un article de blog, en cela qu\u2019elle restera \u00e0 la m\u00eame place, et s\u2019affichera dans le menu de navigation de votre site (en fonction de votre th\u00e8me). La plupart des gens commencent par \u00e9crire une page \u00ab\u00a0\u00c0 Propos\u00a0\u00bb qui les pr\u00e9sente aux visiteurs potentiels du site. Vous pourriez y \u00e9crire quelque chose de ce tenant\u00a0:<\/p><blockquote><p>Bonjour\u00a0! Je suis un m\u00e9canicien qui aspire \u00e0 devenir un acteur, et ceci est mon blog. J\u2019habite \u00e0 Bordeaux, j\u2019ai un super chien qui s\u2019appelle Russell, et j\u2019aime la vodka-ananas (ainsi que perdre mon temps \u00e0 regarder la pluie tomber).<\/p><\/blockquote><p>...ou bien quelque chose comme cela\u00a0:<\/p><blockquote><p>La soci\u00e9t\u00e9 123 Machin Truc a \u00e9t\u00e9 cr\u00e9\u00e9e en 1971, et n\u2019a cess\u00e9 de proposer au public des machins-trucs de qualit\u00e9 depuis cette ann\u00e9e. Situ\u00e9e \u00e0 Saint-Remy-en-Bouzemont-Saint-Genest-et-Isson, 123 Machin Truc emploie 2\u00a0000 personnes, et fabrique toutes sortes de bidules super pour la communaut\u00e9 bouzemontoise.<\/p><\/blockquote><p>\u00c9tant donn\u00e9 que vous \u00eates un nouvel utilisateur ou une nouvelle utilisatrice de WordPress, vous devriez vous rendre sur votre <a href=\"https:\/\/www.cogemacoustic.org\/site\/wp-admin\/\">tableau de bord<\/a> pour effacer la pr\u00e9sente page, et cr\u00e9er de nouvelles pages avec votre propre contenu. Amusez-vous bien\u00a0!<\/p>","_et_gb_content_width":"","footnotes":""},"class_list":["post-11110","page","type-page","status-publish","hentry"],"yoast_head":"<!-- This site is optimized with the Yoast SEO plugin v27.5 - https:\/\/yoast.com\/product\/yoast-seo-wordpress\/ -->\n<title>Historia de COGEMACOUSTIC - Cogemacoustic<\/title>\n<meta name=\"description\" content=\"COGEMACOUSTIC, encuentre aqu\u00ed la historia familial de la experiencia en ventilaci\u00f3n subterr\u00e1nea desde 1968.\" \/>\n<meta name=\"robots\" content=\"index, follow, max-snippet:-1, max-image-preview:large, max-video-preview:-1\" \/>\n<link rel=\"canonical\" href=\"https:\/\/www.cogemacoustic.com\/es\/historia\/\" \/>\n<meta property=\"og:locale\" content=\"es_ES\" \/>\n<meta property=\"og:type\" content=\"article\" \/>\n<meta property=\"og:title\" content=\"Historia de COGEMACOUSTIC - Cogemacoustic\" \/>\n<meta property=\"og:description\" content=\"COGEMACOUSTIC, encuentre aqu\u00ed la historia familial de la experiencia en ventilaci\u00f3n subterr\u00e1nea desde 1968.\" \/>\n<meta property=\"og:url\" content=\"https:\/\/www.cogemacoustic.com\/es\/historia\/\" \/>\n<meta property=\"og:site_name\" content=\"Cogemacoustic\" \/>\n<meta property=\"article:modified_time\" content=\"2022-02-16T13:32:36+00:00\" \/>\n<meta name=\"twitter:card\" content=\"summary_large_image\" \/>\n<meta name=\"twitter:label1\" content=\"Tiempo de lectura\" \/>\n\t<meta name=\"twitter:data1\" content=\"7 minutes\" \/>\n<script type=\"application\/ld+json\" class=\"yoast-schema-graph\">{\"@context\":\"https:\\\/\\\/schema.org\",\"@graph\":[{\"@type\":\"WebPage\",\"@id\":\"https:\\\/\\\/www.cogemacoustic.com\\\/es\\\/historia\\\/\",\"url\":\"https:\\\/\\\/www.cogemacoustic.com\\\/es\\\/historia\\\/\",\"name\":\"Historia de COGEMACOUSTIC - Cogemacoustic\",\"isPartOf\":{\"@id\":\"https:\\\/\\\/www.cogemacoustic.com\\\/#website\"},\"datePublished\":\"2019-04-24T14:51:05+00:00\",\"dateModified\":\"2022-02-16T13:32:36+00:00\",\"description\":\"COGEMACOUSTIC, encuentre aqu\u00ed la historia familial de la experiencia en ventilaci\u00f3n subterr\u00e1nea desde 1968.\",\"breadcrumb\":{\"@id\":\"https:\\\/\\\/www.cogemacoustic.com\\\/es\\\/historia\\\/#breadcrumb\"},\"inLanguage\":\"es-ES\",\"potentialAction\":[{\"@type\":\"ReadAction\",\"target\":[\"https:\\\/\\\/www.cogemacoustic.com\\\/es\\\/historia\\\/\"]}]},{\"@type\":\"BreadcrumbList\",\"@id\":\"https:\\\/\\\/www.cogemacoustic.com\\\/es\\\/historia\\\/#breadcrumb\",\"itemListElement\":[{\"@type\":\"ListItem\",\"position\":1,\"name\":\"Accueil\",\"item\":\"https:\\\/\\\/www.cogemacoustic.com\\\/es\\\/\"},{\"@type\":\"ListItem\",\"position\":2,\"name\":\"Historia de COGEMACOUSTIC\"}]},{\"@type\":\"WebSite\",\"@id\":\"https:\\\/\\\/www.cogemacoustic.com\\\/#website\",\"url\":\"https:\\\/\\\/www.cogemacoustic.com\\\/\",\"name\":\"Cogemacoustic\",\"description\":\"Ventilation Systems\",\"publisher\":{\"@id\":\"https:\\\/\\\/www.cogemacoustic.com\\\/#organization\"},\"potentialAction\":[{\"@type\":\"SearchAction\",\"target\":{\"@type\":\"EntryPoint\",\"urlTemplate\":\"https:\\\/\\\/www.cogemacoustic.com\\\/?s={search_term_string}\"},\"query-input\":{\"@type\":\"PropertyValueSpecification\",\"valueRequired\":true,\"valueName\":\"search_term_string\"}}],\"inLanguage\":\"es-ES\"},{\"@type\":\"Organization\",\"@id\":\"https:\\\/\\\/www.cogemacoustic.com\\\/#organization\",\"name\":\"ECE COGEMACOUSTIC\",\"url\":\"https:\\\/\\\/www.cogemacoustic.com\\\/\",\"logo\":{\"@type\":\"ImageObject\",\"inLanguage\":\"es-ES\",\"@id\":\"https:\\\/\\\/www.cogemacoustic.com\\\/#\\\/schema\\\/logo\\\/image\\\/\",\"url\":\"https:\\\/\\\/www.cogemacoustic.com\\\/site\\\/wp-content\\\/uploads\\\/2019\\\/09\\\/logo_cogemacoustic-small.png\",\"contentUrl\":\"https:\\\/\\\/www.cogemacoustic.com\\\/site\\\/wp-content\\\/uploads\\\/2019\\\/09\\\/logo_cogemacoustic-small.png\",\"width\":360,\"height\":78,\"caption\":\"ECE COGEMACOUSTIC\"},\"image\":{\"@id\":\"https:\\\/\\\/www.cogemacoustic.com\\\/#\\\/schema\\\/logo\\\/image\\\/\"},\"sameAs\":[\"https:\\\/\\\/www.linkedin.com\\\/company\\\/ece-cogemacoustic\",\"https:\\\/\\\/youtu.be\\\/ij21XofrkAY\"]}]}<\/script>\n<!-- \/ Yoast SEO plugin. -->","yoast_head_json":{"title":"Historia de COGEMACOUSTIC - Cogemacoustic","description":"COGEMACOUSTIC, encuentre aqu\u00ed la historia familial de la experiencia en ventilaci\u00f3n subterr\u00e1nea desde 1968.","robots":{"index":"index","follow":"follow","max-snippet":"max-snippet:-1","max-image-preview":"max-image-preview:large","max-video-preview":"max-video-preview:-1"},"canonical":"https:\/\/www.cogemacoustic.com\/es\/historia\/","og_locale":"es_ES","og_type":"article","og_title":"Historia de COGEMACOUSTIC - Cogemacoustic","og_description":"COGEMACOUSTIC, encuentre aqu\u00ed la historia familial de la experiencia en ventilaci\u00f3n subterr\u00e1nea desde 1968.","og_url":"https:\/\/www.cogemacoustic.com\/es\/historia\/","og_site_name":"Cogemacoustic","article_modified_time":"2022-02-16T13:32:36+00:00","twitter_card":"summary_large_image","twitter_misc":{"Tiempo de lectura":"7 minutes"},"schema":{"@context":"https:\/\/schema.org","@graph":[{"@type":"WebPage","@id":"https:\/\/www.cogemacoustic.com\/es\/historia\/","url":"https:\/\/www.cogemacoustic.com\/es\/historia\/","name":"Historia de COGEMACOUSTIC - Cogemacoustic","isPartOf":{"@id":"https:\/\/www.cogemacoustic.com\/#website"},"datePublished":"2019-04-24T14:51:05+00:00","dateModified":"2022-02-16T13:32:36+00:00","description":"COGEMACOUSTIC, encuentre aqu\u00ed la historia familial de la experiencia en ventilaci\u00f3n subterr\u00e1nea desde 1968.","breadcrumb":{"@id":"https:\/\/www.cogemacoustic.com\/es\/historia\/#breadcrumb"},"inLanguage":"es-ES","potentialAction":[{"@type":"ReadAction","target":["https:\/\/www.cogemacoustic.com\/es\/historia\/"]}]},{"@type":"BreadcrumbList","@id":"https:\/\/www.cogemacoustic.com\/es\/historia\/#breadcrumb","itemListElement":[{"@type":"ListItem","position":1,"name":"Accueil","item":"https:\/\/www.cogemacoustic.com\/es\/"},{"@type":"ListItem","position":2,"name":"Historia de COGEMACOUSTIC"}]},{"@type":"WebSite","@id":"https:\/\/www.cogemacoustic.com\/#website","url":"https:\/\/www.cogemacoustic.com\/","name":"Cogemacoustic","description":"Ventilation Systems","publisher":{"@id":"https:\/\/www.cogemacoustic.com\/#organization"},"potentialAction":[{"@type":"SearchAction","target":{"@type":"EntryPoint","urlTemplate":"https:\/\/www.cogemacoustic.com\/?s={search_term_string}"},"query-input":{"@type":"PropertyValueSpecification","valueRequired":true,"valueName":"search_term_string"}}],"inLanguage":"es-ES"},{"@type":"Organization","@id":"https:\/\/www.cogemacoustic.com\/#organization","name":"ECE COGEMACOUSTIC","url":"https:\/\/www.cogemacoustic.com\/","logo":{"@type":"ImageObject","inLanguage":"es-ES","@id":"https:\/\/www.cogemacoustic.com\/#\/schema\/logo\/image\/","url":"https:\/\/www.cogemacoustic.com\/site\/wp-content\/uploads\/2019\/09\/logo_cogemacoustic-small.png","contentUrl":"https:\/\/www.cogemacoustic.com\/site\/wp-content\/uploads\/2019\/09\/logo_cogemacoustic-small.png","width":360,"height":78,"caption":"ECE COGEMACOUSTIC"},"image":{"@id":"https:\/\/www.cogemacoustic.com\/#\/schema\/logo\/image\/"},"sameAs":["https:\/\/www.linkedin.com\/company\/ece-cogemacoustic","https:\/\/youtu.be\/ij21XofrkAY"]}]}},"_links":{"self":[{"href":"https:\/\/www.cogemacoustic.com\/es\/wp-json\/wp\/v2\/pages\/11110","targetHints":{"allow":["GET"]}}],"collection":[{"href":"https:\/\/www.cogemacoustic.com\/es\/wp-json\/wp\/v2\/pages"}],"about":[{"href":"https:\/\/www.cogemacoustic.com\/es\/wp-json\/wp\/v2\/types\/page"}],"author":[{"embeddable":true,"href":"https:\/\/www.cogemacoustic.com\/es\/wp-json\/wp\/v2\/users\/2"}],"replies":[{"embeddable":true,"href":"https:\/\/www.cogemacoustic.com\/es\/wp-json\/wp\/v2\/comments?post=11110"}],"version-history":[{"count":10,"href":"https:\/\/www.cogemacoustic.com\/es\/wp-json\/wp\/v2\/pages\/11110\/revisions"}],"predecessor-version":[{"id":11337,"href":"https:\/\/www.cogemacoustic.com\/es\/wp-json\/wp\/v2\/pages\/11110\/revisions\/11337"}],"wp:attachment":[{"href":"https:\/\/www.cogemacoustic.com\/es\/wp-json\/wp\/v2\/media?parent=11110"}],"curies":[{"name":"wp","href":"https:\/\/api.w.org\/{rel}","templated":true}]}}