{"id":11123,"date":"2021-01-06T09:09:14","date_gmt":"2021-01-06T08:09:14","guid":{"rendered":"https:\/\/www.cogemacoustic.com\/conditions-generales-ece-cogemacoustic\/"},"modified":"2025-03-21T16:13:47","modified_gmt":"2025-03-21T15:13:47","slug":"condiciones-generales-de-compra-y-venta","status":"publish","type":"page","link":"https:\/\/www.cogemacoustic.com\/es\/condiciones-generales-de-compra-y-venta\/","title":{"rendered":"Condiciones generales"},"content":{"rendered":"<p>[et_pb_section fb_built=&#8221;1&#8243; _builder_version=&#8221;4.16&#8243; z_index_tablet=&#8221;500&#8243; box_shadow_horizontal_tablet=&#8221;0px&#8221; box_shadow_vertical_tablet=&#8221;0px&#8221; box_shadow_blur_tablet=&#8221;40px&#8221; box_shadow_spread_tablet=&#8221;0px&#8221; global_colors_info=&#8221;{}&#8221;][et_pb_row _builder_version=&#8221;4.16&#8243; background_size=&#8221;initial&#8221; background_position=&#8221;top_left&#8221; background_repeat=&#8221;repeat&#8221; global_colors_info=&#8221;{}&#8221;][et_pb_column type=&#8221;4_4&#8243; _builder_version=&#8221;4.16&#8243; custom_padding=&#8221;|||&#8221; global_colors_info=&#8221;{}&#8221; custom_padding__hover=&#8221;|||&#8221;][et_pb_text admin_label=&#8221;Intro CGV&#8221; _builder_version=&#8221;4.16&#8243; background_size=&#8221;initial&#8221; background_position=&#8221;top_left&#8221; background_repeat=&#8221;repeat&#8221; use_border_color=&#8221;off&#8221; global_colors_info=&#8221;{}&#8221;]<\/p>\n<h3>Condiciones Generales<\/h3>\n<p>A continuaci\u00f3n, se muestra la \u00faltima versi\u00f3n de nuestras condiciones generales. Las versiones anteriores tambi\u00e9n est\u00e1n disponibles. Documentos en versi\u00f3n PDF en ingl\u00e9s, se pueden emitir en espa\u00f1ol a pedido del cliente.<\/p>\n<p>[\/et_pb_text][et_pb_tabs _builder_version=&#8221;4.27.4&#8243; hover_enabled=&#8221;0&#8243; global_colors_info=&#8221;{}&#8221; sticky_enabled=&#8221;0&#8243;][et_pb_tab title=&#8221;Condiciones generales de venta&#8221; _builder_version=&#8221;4.16&#8243; global_colors_info=&#8221;{}&#8221;]<\/p>\n<p><a href=\"https:\/\/www.cogemacoustic.com\/site\/wp-content\/uploads\/2021\/07\/CGV-2021-01_GB.pdf\" target=\"_blank\" rel=\"noopener\">ECE COGEMACOUSTIC &#8211; Condiciones generales de venta \u2013 Versi\u00f3n 2018-02 (08\/11\/2018)<\/a><\/p>\n<p>[\/et_pb_tab][et_pb_tab title=&#8221;Condiciones generales de compra &#8221; _builder_version=&#8221;4.16&#8243; global_colors_info=&#8221;{}&#8221;]<\/p>\n<p><a href=\"https:\/\/www.cogemacoustic.com\/site\/wp-content\/uploads\/2021\/06\/CGA-2021-01-en.pdf\" target=\"_blank\" rel=\"noopener\">ECE COGEMACOUSTIC &#8211; Condiciones generales de compra \u2013 Versi\u00f3n 2018-01 (19\/11\/2018)<\/a><\/p>\n<p>[\/et_pb_tab][\/et_pb_tabs][\/et_pb_column][\/et_pb_row][\/et_pb_section]<\/p>\n","protected":false},"excerpt":{"rendered":"<p>Condiciones Generales A continuaci\u00f3n, se muestra la \u00faltima versi\u00f3n de nuestras condiciones generales. Las versiones anteriores tambi\u00e9n est\u00e1n disponibles. Documentos en versi\u00f3n PDF en ingl\u00e9s, se pueden emitir en espa\u00f1ol a pedido del cliente.ECE COGEMACOUSTIC &#8211; Condiciones generales de venta \u2013 Versi\u00f3n 2018-02 (08\/11\/2018)ECE COGEMACOUSTIC &#8211; Condiciones generales de compra \u2013 Versi\u00f3n 2018-01 (19\/11\/2018)<\/p>\n","protected":false},"author":2,"featured_media":0,"parent":0,"menu_order":0,"comment_status":"closed","ping_status":"closed","template":"","meta":{"_et_pb_use_builder":"on","_et_pb_old_content":"","_et_gb_content_width":"","footnotes":""},"class_list":["post-11123","page","type-page","status-publish","hentry"],"yoast_head":"<!-- This site is optimized with the Yoast SEO plugin v27.3 - https:\/\/yoast.com\/product\/yoast-seo-wordpress\/ -->\n<title>Condiciones generales de compra y venta<\/title>\n<meta name=\"description\" content=\"Condiciones generales de compra y venta de la empresa ECE COGEMACOUSTIC. T\u00e9rminos actuales y versiones anteriores disponibles.\" \/>\n<meta name=\"robots\" content=\"index, follow, max-snippet:-1, max-image-preview:large, max-video-preview:-1\" \/>\n<link rel=\"canonical\" href=\"https:\/\/www.cogemacoustic.com\/es\/condiciones-generales-de-compra-y-venta\/\" \/>\n<meta property=\"og:locale\" content=\"es_ES\" \/>\n<meta property=\"og:type\" content=\"article\" \/>\n<meta property=\"og:title\" content=\"Condiciones generales de compra y venta\" \/>\n<meta property=\"og:description\" content=\"Condiciones generales de compra y venta de la empresa ECE COGEMACOUSTIC. T\u00e9rminos actuales y versiones anteriores disponibles.\" \/>\n<meta property=\"og:url\" content=\"https:\/\/www.cogemacoustic.com\/es\/condiciones-generales-de-compra-y-venta\/\" \/>\n<meta property=\"og:site_name\" content=\"Cogemacoustic\" \/>\n<meta property=\"article:modified_time\" content=\"2025-03-21T15:13:47+00:00\" \/>\n<meta name=\"twitter:card\" content=\"summary_large_image\" \/>\n<meta name=\"twitter:label1\" content=\"Tiempo de lectura\" \/>\n\t<meta name=\"twitter:data1\" content=\"1 minute\" \/>\n<script type=\"application\/ld+json\" class=\"yoast-schema-graph\">{\"@context\":\"https:\\\/\\\/schema.org\",\"@graph\":[{\"@type\":\"WebPage\",\"@id\":\"https:\\\/\\\/www.cogemacoustic.com\\\/es\\\/condiciones-generales-de-compra-y-venta\\\/\",\"url\":\"https:\\\/\\\/www.cogemacoustic.com\\\/es\\\/condiciones-generales-de-compra-y-venta\\\/\",\"name\":\"Condiciones generales de compra y venta\",\"isPartOf\":{\"@id\":\"https:\\\/\\\/www.cogemacoustic.com\\\/#website\"},\"datePublished\":\"2021-01-06T08:09:14+00:00\",\"dateModified\":\"2025-03-21T15:13:47+00:00\",\"description\":\"Condiciones generales de compra y venta de la empresa ECE COGEMACOUSTIC. T\u00e9rminos actuales y versiones anteriores disponibles.\",\"breadcrumb\":{\"@id\":\"https:\\\/\\\/www.cogemacoustic.com\\\/es\\\/condiciones-generales-de-compra-y-venta\\\/#breadcrumb\"},\"inLanguage\":\"es-ES\",\"potentialAction\":[{\"@type\":\"ReadAction\",\"target\":[\"https:\\\/\\\/www.cogemacoustic.com\\\/es\\\/condiciones-generales-de-compra-y-venta\\\/\"]}]},{\"@type\":\"BreadcrumbList\",\"@id\":\"https:\\\/\\\/www.cogemacoustic.com\\\/es\\\/condiciones-generales-de-compra-y-venta\\\/#breadcrumb\",\"itemListElement\":[{\"@type\":\"ListItem\",\"position\":1,\"name\":\"Accueil\",\"item\":\"https:\\\/\\\/www.cogemacoustic.com\\\/es\\\/\"},{\"@type\":\"ListItem\",\"position\":2,\"name\":\"Condiciones generales\"}]},{\"@type\":\"WebSite\",\"@id\":\"https:\\\/\\\/www.cogemacoustic.com\\\/#website\",\"url\":\"https:\\\/\\\/www.cogemacoustic.com\\\/\",\"name\":\"Cogemacoustic\",\"description\":\"Ventilation Systems\",\"publisher\":{\"@id\":\"https:\\\/\\\/www.cogemacoustic.com\\\/#organization\"},\"potentialAction\":[{\"@type\":\"SearchAction\",\"target\":{\"@type\":\"EntryPoint\",\"urlTemplate\":\"https:\\\/\\\/www.cogemacoustic.com\\\/?s={search_term_string}\"},\"query-input\":{\"@type\":\"PropertyValueSpecification\",\"valueRequired\":true,\"valueName\":\"search_term_string\"}}],\"inLanguage\":\"es-ES\"},{\"@type\":\"Organization\",\"@id\":\"https:\\\/\\\/www.cogemacoustic.com\\\/#organization\",\"name\":\"ECE COGEMACOUSTIC\",\"url\":\"https:\\\/\\\/www.cogemacoustic.com\\\/\",\"logo\":{\"@type\":\"ImageObject\",\"inLanguage\":\"es-ES\",\"@id\":\"https:\\\/\\\/www.cogemacoustic.com\\\/#\\\/schema\\\/logo\\\/image\\\/\",\"url\":\"https:\\\/\\\/www.cogemacoustic.com\\\/site\\\/wp-content\\\/uploads\\\/2019\\\/09\\\/logo_cogemacoustic-small.png\",\"contentUrl\":\"https:\\\/\\\/www.cogemacoustic.com\\\/site\\\/wp-content\\\/uploads\\\/2019\\\/09\\\/logo_cogemacoustic-small.png\",\"width\":360,\"height\":78,\"caption\":\"ECE COGEMACOUSTIC\"},\"image\":{\"@id\":\"https:\\\/\\\/www.cogemacoustic.com\\\/#\\\/schema\\\/logo\\\/image\\\/\"},\"sameAs\":[\"https:\\\/\\\/www.linkedin.com\\\/company\\\/ece-cogemacoustic\",\"https:\\\/\\\/youtu.be\\\/ij21XofrkAY\"]}]}<\/script>\n<!-- \/ Yoast SEO plugin. -->","yoast_head_json":{"title":"Condiciones generales de compra y venta","description":"Condiciones generales de compra y venta de la empresa ECE COGEMACOUSTIC. T\u00e9rminos actuales y versiones anteriores disponibles.","robots":{"index":"index","follow":"follow","max-snippet":"max-snippet:-1","max-image-preview":"max-image-preview:large","max-video-preview":"max-video-preview:-1"},"canonical":"https:\/\/www.cogemacoustic.com\/es\/condiciones-generales-de-compra-y-venta\/","og_locale":"es_ES","og_type":"article","og_title":"Condiciones generales de compra y venta","og_description":"Condiciones generales de compra y venta de la empresa ECE COGEMACOUSTIC. T\u00e9rminos actuales y versiones anteriores disponibles.","og_url":"https:\/\/www.cogemacoustic.com\/es\/condiciones-generales-de-compra-y-venta\/","og_site_name":"Cogemacoustic","article_modified_time":"2025-03-21T15:13:47+00:00","twitter_card":"summary_large_image","twitter_misc":{"Tiempo de lectura":"1 minute"},"schema":{"@context":"https:\/\/schema.org","@graph":[{"@type":"WebPage","@id":"https:\/\/www.cogemacoustic.com\/es\/condiciones-generales-de-compra-y-venta\/","url":"https:\/\/www.cogemacoustic.com\/es\/condiciones-generales-de-compra-y-venta\/","name":"Condiciones generales de compra y venta","isPartOf":{"@id":"https:\/\/www.cogemacoustic.com\/#website"},"datePublished":"2021-01-06T08:09:14+00:00","dateModified":"2025-03-21T15:13:47+00:00","description":"Condiciones generales de compra y venta de la empresa ECE COGEMACOUSTIC. T\u00e9rminos actuales y versiones anteriores disponibles.","breadcrumb":{"@id":"https:\/\/www.cogemacoustic.com\/es\/condiciones-generales-de-compra-y-venta\/#breadcrumb"},"inLanguage":"es-ES","potentialAction":[{"@type":"ReadAction","target":["https:\/\/www.cogemacoustic.com\/es\/condiciones-generales-de-compra-y-venta\/"]}]},{"@type":"BreadcrumbList","@id":"https:\/\/www.cogemacoustic.com\/es\/condiciones-generales-de-compra-y-venta\/#breadcrumb","itemListElement":[{"@type":"ListItem","position":1,"name":"Accueil","item":"https:\/\/www.cogemacoustic.com\/es\/"},{"@type":"ListItem","position":2,"name":"Condiciones generales"}]},{"@type":"WebSite","@id":"https:\/\/www.cogemacoustic.com\/#website","url":"https:\/\/www.cogemacoustic.com\/","name":"Cogemacoustic","description":"Ventilation Systems","publisher":{"@id":"https:\/\/www.cogemacoustic.com\/#organization"},"potentialAction":[{"@type":"SearchAction","target":{"@type":"EntryPoint","urlTemplate":"https:\/\/www.cogemacoustic.com\/?s={search_term_string}"},"query-input":{"@type":"PropertyValueSpecification","valueRequired":true,"valueName":"search_term_string"}}],"inLanguage":"es-ES"},{"@type":"Organization","@id":"https:\/\/www.cogemacoustic.com\/#organization","name":"ECE COGEMACOUSTIC","url":"https:\/\/www.cogemacoustic.com\/","logo":{"@type":"ImageObject","inLanguage":"es-ES","@id":"https:\/\/www.cogemacoustic.com\/#\/schema\/logo\/image\/","url":"https:\/\/www.cogemacoustic.com\/site\/wp-content\/uploads\/2019\/09\/logo_cogemacoustic-small.png","contentUrl":"https:\/\/www.cogemacoustic.com\/site\/wp-content\/uploads\/2019\/09\/logo_cogemacoustic-small.png","width":360,"height":78,"caption":"ECE COGEMACOUSTIC"},"image":{"@id":"https:\/\/www.cogemacoustic.com\/#\/schema\/logo\/image\/"},"sameAs":["https:\/\/www.linkedin.com\/company\/ece-cogemacoustic","https:\/\/youtu.be\/ij21XofrkAY"]}]}},"_links":{"self":[{"href":"https:\/\/www.cogemacoustic.com\/es\/wp-json\/wp\/v2\/pages\/11123","targetHints":{"allow":["GET"]}}],"collection":[{"href":"https:\/\/www.cogemacoustic.com\/es\/wp-json\/wp\/v2\/pages"}],"about":[{"href":"https:\/\/www.cogemacoustic.com\/es\/wp-json\/wp\/v2\/types\/page"}],"author":[{"embeddable":true,"href":"https:\/\/www.cogemacoustic.com\/es\/wp-json\/wp\/v2\/users\/2"}],"replies":[{"embeddable":true,"href":"https:\/\/www.cogemacoustic.com\/es\/wp-json\/wp\/v2\/comments?post=11123"}],"version-history":[{"count":4,"href":"https:\/\/www.cogemacoustic.com\/es\/wp-json\/wp\/v2\/pages\/11123\/revisions"}],"predecessor-version":[{"id":12031,"href":"https:\/\/www.cogemacoustic.com\/es\/wp-json\/wp\/v2\/pages\/11123\/revisions\/12031"}],"wp:attachment":[{"href":"https:\/\/www.cogemacoustic.com\/es\/wp-json\/wp\/v2\/media?parent=11123"}],"curies":[{"name":"wp","href":"https:\/\/api.w.org\/{rel}","templated":true}]}}