{"id":11131,"date":"2021-07-01T10:05:32","date_gmt":"2021-07-01T08:05:32","guid":{"rendered":"https:\/\/www.cogemacoustic.com\/machines-sur-site\/"},"modified":"2025-06-09T10:20:53","modified_gmt":"2025-06-09T08:20:53","slug":"equipos-nuevos-stock","status":"publish","type":"page","link":"https:\/\/www.cogemacoustic.com\/es\/equipos-nuevos-stock\/","title":{"rendered":"Ventiladores disponibles de inmediato"},"content":{"rendered":"<p>[et_pb_section fb_built=&#8221;1&#8243; admin_label=&#8221;Hero&#8221; _builder_version=&#8221;4.16&#8243; background_color=&#8221;rgba(0,0,0,0.6)&#8221; use_background_color_gradient=&#8221;on&#8221; background_color_gradient_stops=&#8221;rgba(0,0,0,0.5) 0%|rgba(0,0,0,0) 100%&#8221; background_color_gradient_start=&#8221;rgba(0,0,0,0.5)&#8221; background_color_gradient_end=&#8221;rgba(0,0,0,0)&#8221; parallax=&#8221;on&#8221; parallax_method=&#8221;off&#8221; custom_margin=&#8221;|||&#8221; custom_padding=&#8221;70px||0px|||&#8221; top_divider_style=&#8221;slant2&#8243; top_divider_color=&#8221;#d54745&#8243; bottom_divider_style=&#8221;slant&#8221; bottom_divider_color=&#8221;#ffffff&#8221; bottom_divider_flip=&#8221;horizontal&#8221; animation_style=&#8221;slide&#8221; animation_direction=&#8221;top&#8221; animation_intensity_slide=&#8221;5%&#8221; animation_starting_opacity=&#8221;100%&#8221; z_index_tablet=&#8221;500&#8243; global_colors_info=&#8221;{}&#8221;][et_pb_row column_structure=&#8221;3_4,1_4&#8243; _builder_version=&#8221;4.16&#8243; background_size=&#8221;initial&#8221; background_position=&#8221;top_left&#8221; background_repeat=&#8221;repeat&#8221; custom_padding=&#8221;27px|0px|50px|0px&#8221; z_index_tablet=&#8221;500&#8243; global_colors_info=&#8221;{}&#8221;][et_pb_column type=&#8221;3_4&#8243; _builder_version=&#8221;4.16&#8243; custom_padding=&#8221;|||&#8221; global_colors_info=&#8221;{}&#8221; custom_padding__hover=&#8221;|||&#8221;][et_pb_text admin_label=&#8221;Title&#8221; _builder_version=&#8221;4.16&#8243; text_font=&#8221;Archivo Narrow|700||on|||||&#8221; text_font_size=&#8221;40px&#8221; text_line_height=&#8221;0.9em&#8221; header_font=&#8221;||||||||&#8221; header_font_size=&#8221;97px&#8221; header_line_height=&#8221;1.2em&#8221; header_2_font=&#8221;Archivo Narrow|600|||||||&#8221; header_2_font_size=&#8221;75px&#8221; background_layout=&#8221;dark&#8221; animation_style=&#8221;zoom&#8221; animation_direction=&#8221;left&#8221; animation_intensity_zoom=&#8221;10%&#8221; text_font_size_tablet=&#8221;30px&#8221; text_font_size_phone=&#8221;24px&#8221; text_font_size_last_edited=&#8221;on|desktop&#8221; header_font_size_tablet=&#8221;80px&#8221; header_font_size_phone=&#8221;50px&#8221; header_font_size_last_edited=&#8221;on|desktop&#8221; header_2_font_size_tablet=&#8221;55px&#8221; header_2_font_size_phone=&#8221;35px&#8221; header_2_font_size_last_edited=&#8221;on|phone&#8221; z_index_tablet=&#8221;500&#8243; global_colors_info=&#8221;{}&#8221; text_letter_spacing__hover_enabled=&#8221;on&#8221;]<\/p>\n<h2>Ventiladores T2 COGEMACOUSTIC disponibles de inmediato<\/h2>\n<p>[\/et_pb_text][\/et_pb_column][et_pb_column type=&#8221;1_4&#8243; _builder_version=&#8221;4.16&#8243; custom_padding=&#8221;|||&#8221; global_colors_info=&#8221;{}&#8221; custom_padding__hover=&#8221;|||&#8221;][\/et_pb_column][\/et_pb_row][\/et_pb_section][et_pb_section fb_built=&#8221;1&#8243; admin_label=&#8221;About&#8221; _builder_version=&#8221;4.16&#8243; custom_padding=&#8221;28px||34px|||&#8221; global_colors_info=&#8221;{}&#8221;][et_pb_row _builder_version=&#8221;4.16&#8243; custom_margin=&#8221;|||&#8221; custom_padding=&#8221;|||&#8221; global_colors_info=&#8221;{}&#8221;][et_pb_column type=&#8221;4_4&#8243; _builder_version=&#8221;4.16&#8243; custom_padding=&#8221;|||&#8221; global_colors_info=&#8221;{}&#8221; custom_padding__hover=&#8221;|||&#8221;][et_pb_text admin_label=&#8221;Title&#8221; _builder_version=&#8221;4.16&#8243; text_font=&#8221;Archivo Narrow|300|||||||&#8221; text_text_color=&#8221;#000000&#8243; text_font_size=&#8221;20px&#8221; text_line_height=&#8221;1.1em&#8221; header_font=&#8221;Archivo Narrow|700||on|||||&#8221; header_2_font=&#8221;Montserrat|500|||||||&#8221; header_2_text_align=&#8221;center&#8221; header_2_font_size=&#8221;30px&#8221; header_2_line_height=&#8221;1.4em&#8221; text_orientation=&#8221;justified&#8221; module_alignment=&#8221;center&#8221; animation_style=&#8221;slide&#8221; animation_direction=&#8221;top&#8221; z_index_tablet=&#8221;500&#8243; global_colors_info=&#8221;{}&#8221;]<\/p>\n<h1 style=\"text-align: left;\">PROPONEMOS VENTIALDORES AXIALES DE LA GAMA T2 DISPONIBLES EN NUESTRO STOCK<\/h1>\n<p>[\/et_pb_text][et_pb_divider divider_weight=&#8221;3px&#8221; _builder_version=&#8221;4.16&#8243; max_width_tablet=&#8221;&#8221; max_width_phone=&#8221;&#8221; max_width_last_edited=&#8221;on|desktop&#8221; custom_margin=&#8221;-20px|||||&#8221; animation_style=&#8221;slide&#8221; animation_direction=&#8221;right&#8221; z_index_tablet=&#8221;500&#8243; global_colors_info=&#8221;{}&#8221;] [\/et_pb_divider][et_pb_text admin_label=&#8221;Title&#8221; _builder_version=&#8221;4.16&#8243; text_font=&#8221;Archivo Narrow|300|||||||&#8221; text_text_color=&#8221;#000000&#8243; text_font_size=&#8221;20px&#8221; text_line_height=&#8221;1.1em&#8221; header_font=&#8221;Archivo Narrow|700||on|||||&#8221; header_2_font=&#8221;Montserrat|500|||||||&#8221; header_2_text_align=&#8221;center&#8221; header_2_font_size=&#8221;30px&#8221; header_2_line_height=&#8221;1.4em&#8221; text_orientation=&#8221;justified&#8221; module_alignment=&#8221;center&#8221; animation_style=&#8221;slide&#8221; animation_direction=&#8221;top&#8221; z_index_tablet=&#8221;500&#8243; global_colors_info=&#8221;{}&#8221;]<\/p>\n<p>Ante los largos plazos de entrega de ciertas piezas, ECE COGEMACOUSTIC fabrica regularmente sistemas de ventilaci\u00f3n listos para usar. Las m\u00e1quinas presentadas en esta p\u00e1gina est\u00e1n disponibles en nuestra flota en la f\u00e1brica (Limoges 87). Tambi\u00e9n ofrecemos garant\u00edas relacionadas con estos. Para obtener informaci\u00f3n sobre los ventiladores disponibles de inmediato, comun\u00edquese con nuestro equipo de ventas. Nos esforzamos por mantener esta p\u00e1gina actualizada; sin embargo, es necesaria una verificaci\u00f3n para brindarle plena satisfacci\u00f3n. En caso de necesidades a corto plazo, consulte nuestra <a href=\"https:\/\/www.cogemacoustic.com\/es\/equipos-en-renta\/\">p\u00e1gina dedicada a los alquileres<\/a>.<\/p>\n<p>[\/et_pb_text][\/et_pb_column][\/et_pb_row][et_pb_row column_structure=&#8221;1_3,1_3,1_3&#8243; _builder_version=&#8221;4.16&#8243; _module_preset=&#8221;default&#8221; global_colors_info=&#8221;{}&#8221;][et_pb_column type=&#8221;1_3&#8243; _builder_version=&#8221;4.16&#8243; _module_preset=&#8221;default&#8221; global_colors_info=&#8221;{}&#8221;][\/et_pb_column][et_pb_column type=&#8221;1_3&#8243; _builder_version=&#8221;4.16&#8243; _module_preset=&#8221;default&#8221; global_colors_info=&#8221;{}&#8221;][et_pb_button button_url=&#8221;@ET-DC@eyJkeW5hbWljIjp0cnVlLCJjb250ZW50IjoicG9zdF9saW5rX3VybF9wYWdlIiwic2V0dGluZ3MiOnsicG9zdF9pZCI6IjUyMyJ9fQ==@&#8221; button_text=&#8221;Solicitar informaci\u00f3n&#8221; _builder_version=&#8221;4.16&#8243; _dynamic_attributes=&#8221;button_url&#8221; _module_preset=&#8221;default&#8221; animation_style=&#8221;slide&#8221; animation_direction=&#8221;left&#8221; global_colors_info=&#8221;{}&#8221;][\/et_pb_button][\/et_pb_column][et_pb_column type=&#8221;1_3&#8243; _builder_version=&#8221;4.16&#8243; _module_preset=&#8221;default&#8221; global_colors_info=&#8221;{}&#8221;][\/et_pb_column][\/et_pb_row][\/et_pb_section][et_pb_section fb_built=&#8221;1&#8243; admin_label=&#8221;About&#8221; _builder_version=&#8221;4.16&#8243; module_alignment=&#8221;center&#8221; custom_padding=&#8221;28px||34px|||&#8221; global_colors_info=&#8221;{}&#8221; locked=&#8221;off&#8221; theme_builder_area=&#8221;post_content&#8221;][et_pb_row _builder_version=&#8221;4.16&#8243; _module_preset=&#8221;default&#8221; width=&#8221;100%&#8221; custom_margin=&#8221;-50px||||false|false&#8221; global_colors_info=&#8221;{}&#8221; theme_builder_area=&#8221;post_content&#8221;][et_pb_column type=&#8221;4_4&#8243; _builder_version=&#8221;4.16&#8243; _module_preset=&#8221;default&#8221; global_colors_info=&#8221;{}&#8221; theme_builder_area=&#8221;post_content&#8221;][et_pb_tabs _builder_version=&#8221;4.27.4&#8243; _module_preset=&#8221;default&#8221; use_background_color_gradient=&#8221;on&#8221; background_color_gradient_stops=&#8221;#ffffff 0%|#f2f2f2 100%&#8221; background_color_gradient_start=&#8221;#ffffff&#8221; background_color_gradient_end=&#8221;#f2f2f2&#8243; global_module=&#8221;12062&#8243; saved_tabs=&#8221;all&#8221; global_colors_info=&#8221;{}&#8221; theme_builder_area=&#8221;post_content&#8221;][et_pb_tab title=&#8221;FANS&#8221; _builder_version=&#8221;4.27.4&#8243; _module_preset=&#8221;default&#8221; global_colors_info=&#8221;{}&#8221; theme_builder_area=&#8221;post_content&#8221;]<\/p>\n<table class=\"alignleft\" style=\"border-collapse: collapse; width: 100%; height: 475px;\" border=\"1\">\n<tbody>\n<tr style=\"height: 15px;\">\n<td style=\"height: 15px; width: 22.2502%;\" width=\"80\" height=\"20\"><strong>RANGE<\/strong><\/td>\n<td style=\"width: 20.3209%; height: 15px;\" width=\"80\"><strong>DIAMETER (mm)<\/strong><\/td>\n<td style=\"width: 20.5882%; height: 15px;\" width=\"80\"><strong>POWER (kW)<\/strong><\/td>\n<\/tr>\n<tr style=\"height: 15px;\">\n<td class=\"xl65\" style=\"height: 15px; width: 22.2502%;\" height=\"20\">T2<\/td>\n<td class=\"xl65\" style=\"width: 20.3209%; height: 15px;\">630<\/td>\n<td class=\"xl65\" style=\"width: 20.5882%; height: 15px;\">15<\/td>\n<\/tr>\n<tr style=\"height: 15px;\">\n<td class=\"xl65\" style=\"height: 15px; width: 22.2502%;\" height=\"20\">T2<\/td>\n<td class=\"xl65\" style=\"width: 20.3209%; height: 15px;\">710<\/td>\n<td class=\"xl65\" style=\"width: 20.5882%; height: 15px;\">22<\/td>\n<\/tr>\n<tr style=\"height: 15px;\">\n<td class=\"xl65\" style=\"height: 15px; width: 22.2502%;\" height=\"20\">T2<\/td>\n<td class=\"xl65\" style=\"width: 20.3209%; height: 15px;\">710<\/td>\n<td class=\"xl65\" style=\"width: 20.5882%; height: 15px;\">37<\/td>\n<\/tr>\n<tr style=\"height: 15px;\">\n<td class=\"xl65\" style=\"height: 15px; width: 22.2502%;\" height=\"20\">T2<\/td>\n<td class=\"xl65\" style=\"width: 20.3209%; height: 15px;\">800<\/td>\n<td class=\"xl65\" style=\"width: 20.5882%; height: 15px;\">45<\/td>\n<\/tr>\n<tr style=\"height: 15px;\">\n<td class=\"xl65\" style=\"height: 15px; width: 22.2502%;\" height=\"20\">T2<\/td>\n<td class=\"xl65\" style=\"width: 20.3209%; height: 15px;\">900<\/td>\n<td class=\"xl65\" style=\"width: 20.5882%; height: 15px;\">3&#215;75<\/td>\n<\/tr>\n<tr style=\"height: 15px;\">\n<td class=\"xl65\" style=\"height: 15px; width: 22.2502%;\" height=\"20\">T2<\/td>\n<td class=\"xl65\" style=\"width: 20.3209%; height: 15px;\">900<\/td>\n<td class=\"xl65\" style=\"width: 20.5882%; height: 15px;\">75<\/td>\n<\/tr>\n<tr style=\"height: 15px;\">\n<td class=\"xl65\" style=\"height: 15px; width: 22.2502%;\" height=\"20\">T2<\/td>\n<td class=\"xl65\" style=\"width: 20.3209%; height: 15px;\">900<\/td>\n<td class=\"xl65\" style=\"width: 20.5882%; height: 15px;\">90<\/td>\n<\/tr>\n<tr style=\"height: 15px;\">\n<td class=\"xl65\" style=\"height: 15px; width: 22.2502%;\" height=\"20\">T2<\/td>\n<td class=\"xl65\" style=\"width: 20.3209%; height: 15px;\">900<\/td>\n<td class=\"xl65\" style=\"width: 20.5882%; height: 15px;\">2&#215;90<\/td>\n<\/tr>\n<tr style=\"height: 15px;\">\n<td class=\"xl65\" style=\"height: 15px; width: 22.2502%;\" height=\"20\">T2<\/td>\n<td class=\"xl65\" style=\"width: 20.3209%; height: 15px;\">1120<\/td>\n<td class=\"xl65\" style=\"width: 20.5882%; height: 15px;\">45<\/td>\n<\/tr>\n<tr style=\"height: 15px;\">\n<td class=\"xl65\" style=\"height: 15px; width: 22.2502%;\" height=\"20\">T2<\/td>\n<td class=\"xl65\" style=\"width: 20.3209%; height: 15px;\">1250<\/td>\n<td class=\"xl65\" style=\"width: 20.5882%; height: 15px;\">2&#215;45<\/td>\n<\/tr>\n<tr style=\"height: 15px;\">\n<td class=\"xl65\" style=\"height: 15px; width: 22.2502%;\" height=\"20\">T2<\/td>\n<td class=\"xl65\" style=\"width: 20.3209%; height: 15px;\">1250<\/td>\n<td class=\"xl65\" style=\"width: 20.5882%; height: 15px;\">2&#215;55<\/td>\n<\/tr>\n<tr style=\"height: 15px;\">\n<td class=\"xl65\" style=\"height: 15px; width: 22.2502%;\" height=\"20\">T2<\/td>\n<td class=\"xl65\" style=\"width: 20.3209%; height: 15px;\">1250<\/td>\n<td class=\"xl65\" style=\"width: 20.5882%; height: 15px;\">55<\/td>\n<\/tr>\n<tr style=\"height: 15px;\">\n<td class=\"xl65\" style=\"height: 15px; width: 22.2502%;\" height=\"20\">T2<\/td>\n<td class=\"xl65\" style=\"width: 20.3209%; height: 15px;\">1250<\/td>\n<td class=\"xl65\" style=\"width: 20.5882%; height: 15px;\">75<\/td>\n<\/tr>\n<tr style=\"height: 15px;\">\n<td class=\"xl65\" style=\"height: 15px; width: 22.2502%;\" height=\"20\">T2<\/td>\n<td class=\"xl65\" style=\"width: 20.3209%; height: 15px;\">1400<\/td>\n<td class=\"xl65\" style=\"width: 20.5882%; height: 15px;\">75<\/td>\n<\/tr>\n<tr style=\"height: 15px;\">\n<td class=\"xl65\" style=\"height: 15px; width: 22.2502%;\" height=\"20\">T2<\/td>\n<td class=\"xl65\" style=\"width: 20.3209%; height: 15px;\">1400<\/td>\n<td class=\"xl65\" style=\"width: 20.5882%; height: 15px;\">2&#215;90<\/td>\n<\/tr>\n<tr style=\"height: 15px;\">\n<td class=\"xl65\" style=\"height: 15px; width: 22.2502%;\" height=\"20\">T2<\/td>\n<td class=\"xl65\" style=\"width: 20.3209%; height: 15px;\">1400<\/td>\n<td class=\"xl65\" style=\"width: 20.5882%; height: 15px;\">110<\/td>\n<\/tr>\n<tr style=\"height: 15px;\">\n<td class=\"xl65\" style=\"height: 15px; width: 22.2502%;\" height=\"20\">T2<\/td>\n<td class=\"xl65\" style=\"width: 20.3209%; height: 15px;\">1600<\/td>\n<td class=\"xl65\" style=\"width: 20.5882%; height: 15px;\">110<\/td>\n<\/tr>\n<tr style=\"height: 15px;\">\n<td class=\"xl65\" style=\"height: 15px; width: 22.2502%;\" height=\"20\">T2<\/td>\n<td class=\"xl65\" style=\"width: 20.3209%; height: 15px;\">1600<\/td>\n<td class=\"xl65\" style=\"width: 20.5882%; height: 15px;\">132<\/td>\n<\/tr>\n<tr style=\"height: 15px;\">\n<td class=\"xl65\" style=\"height: 15px; width: 22.2502%;\" height=\"20\">T2<\/td>\n<td class=\"xl65\" style=\"width: 20.3209%; height: 15px;\">1600<\/td>\n<td class=\"xl65\" style=\"width: 20.5882%; height: 15px;\">200<\/td>\n<\/tr>\n<tr style=\"height: 15px;\">\n<td class=\"xl65\" style=\"height: 15px; width: 22.2502%;\" height=\"20\">T2<\/td>\n<td class=\"xl65\" style=\"width: 20.3209%; height: 15px;\">1800<\/td>\n<td class=\"xl65\" style=\"width: 20.5882%; height: 15px;\">315<\/td>\n<\/tr>\n<tr style=\"height: 15px;\">\n<td class=\"xl65\" style=\"height: 15px; width: 22.2502%;\" height=\"20\">TJR<\/td>\n<td class=\"xl65\" style=\"width: 20.3209%; height: 15px;\">710<\/td>\n<td class=\"xl65\" style=\"width: 20.5882%; height: 15px;\">22<\/td>\n<\/tr>\n<\/tbody>\n<\/table>\n<p>[\/et_pb_tab][\/et_pb_tabs][\/et_pb_column][\/et_pb_row][\/et_pb_section]<\/p>\n","protected":false},"excerpt":{"rendered":"<p>Ventiladores T2 COGEMACOUSTIC disponibles de inmediatoPROPONEMOS VENTIALDORES AXIALES DE LA GAMA T2 DISPONIBLES EN NUESTRO STOCK Ante los largos plazos de entrega de ciertas piezas, ECE COGEMACOUSTIC fabrica regularmente sistemas de ventilaci\u00f3n listos para usar. Las m\u00e1quinas presentadas en esta p\u00e1gina est\u00e1n disponibles en nuestra flota en la f\u00e1brica (Limoges 87). Tambi\u00e9n ofrecemos garant\u00edas relacionadas [&hellip;]<\/p>\n","protected":false},"author":2,"featured_media":0,"parent":0,"menu_order":0,"comment_status":"closed","ping_status":"closed","template":"","meta":{"_et_pb_use_builder":"on","_et_pb_old_content":"<p>Voici un exemple de page. Elle est diff\u00e9rente d\u2019un article de blog, en cela qu\u2019elle restera \u00e0 la m\u00eame place, et s\u2019affichera dans le menu de navigation de votre site (en fonction de votre th\u00e8me). La plupart des gens commencent par \u00e9crire une page \u00ab\u00a0\u00c0 Propos\u00a0\u00bb qui les pr\u00e9sente aux visiteurs potentiels du site. Vous pourriez y \u00e9crire quelque chose de ce tenant\u00a0:<\/p><blockquote><p>Bonjour\u00a0! Je suis un m\u00e9canicien qui aspire \u00e0 devenir un acteur, et ceci est mon blog. J\u2019habite \u00e0 Bordeaux, j\u2019ai un super chien qui s\u2019appelle Russell, et j\u2019aime la vodka-ananas (ainsi que perdre mon temps \u00e0 regarder la pluie tomber).<\/p><\/blockquote><p>...ou bien quelque chose comme cela\u00a0:<\/p><blockquote><p>La soci\u00e9t\u00e9 123 Machin Truc a \u00e9t\u00e9 cr\u00e9\u00e9e en 1971, et n\u2019a cess\u00e9 de proposer au public des machins-trucs de qualit\u00e9 depuis cette ann\u00e9e. Situ\u00e9e \u00e0 Saint-Remy-en-Bouzemont-Saint-Genest-et-Isson, 123 Machin Truc emploie 2\u00a0000 personnes, et fabrique toutes sortes de bidules super pour la communaut\u00e9 bouzemontoise.<\/p><\/blockquote><p>\u00c9tant donn\u00e9 que vous \u00eates un nouvel utilisateur ou une nouvelle utilisatrice de WordPress, vous devriez vous rendre sur votre <a href=\"https:\/\/www.cogemacoustic.org\/site\/wp-admin\/\">tableau de bord<\/a> pour effacer la pr\u00e9sente page, et cr\u00e9er de nouvelles pages avec votre propre contenu. Amusez-vous bien\u00a0!<\/p>","_et_gb_content_width":"","footnotes":""},"class_list":["post-11131","page","type-page","status-publish","hentry"],"yoast_head":"<!-- This site is optimized with the Yoast SEO plugin v27.5 - https:\/\/yoast.com\/product\/yoast-seo-wordpress\/ -->\n<title>Ventiladores disponibles de inmediato - Cogemacoustic<\/title>\n<meta name=\"description\" content=\"COGEMACOUSTIC tiene un stock de ventiladores disponibles de inmediato con el fin de tener una mayor capacidad de respuesta.\" \/>\n<meta name=\"robots\" content=\"index, follow, max-snippet:-1, max-image-preview:large, max-video-preview:-1\" \/>\n<link rel=\"canonical\" href=\"https:\/\/www.cogemacoustic.com\/es\/equipos-nuevos-stock\/\" \/>\n<meta property=\"og:locale\" content=\"es_ES\" \/>\n<meta property=\"og:type\" content=\"article\" \/>\n<meta property=\"og:title\" content=\"Ventiladores disponibles de inmediato - Cogemacoustic\" \/>\n<meta property=\"og:description\" content=\"COGEMACOUSTIC tiene un stock de ventiladores disponibles de inmediato con el fin de tener una mayor capacidad de respuesta.\" \/>\n<meta property=\"og:url\" content=\"https:\/\/www.cogemacoustic.com\/es\/equipos-nuevos-stock\/\" \/>\n<meta property=\"og:site_name\" content=\"Cogemacoustic\" \/>\n<meta property=\"article:modified_time\" content=\"2025-06-09T08:20:53+00:00\" \/>\n<meta name=\"twitter:card\" content=\"summary_large_image\" \/>\n<meta name=\"twitter:label1\" content=\"Tiempo de lectura\" \/>\n\t<meta name=\"twitter:data1\" content=\"5 minutes\" \/>\n<script type=\"application\/ld+json\" class=\"yoast-schema-graph\">{\"@context\":\"https:\\\/\\\/schema.org\",\"@graph\":[{\"@type\":\"WebPage\",\"@id\":\"https:\\\/\\\/www.cogemacoustic.com\\\/es\\\/equipos-nuevos-stock\\\/\",\"url\":\"https:\\\/\\\/www.cogemacoustic.com\\\/es\\\/equipos-nuevos-stock\\\/\",\"name\":\"Ventiladores disponibles de inmediato - Cogemacoustic\",\"isPartOf\":{\"@id\":\"https:\\\/\\\/www.cogemacoustic.com\\\/#website\"},\"datePublished\":\"2021-07-01T08:05:32+00:00\",\"dateModified\":\"2025-06-09T08:20:53+00:00\",\"description\":\"COGEMACOUSTIC tiene un stock de ventiladores disponibles de inmediato con el fin de tener una mayor capacidad de respuesta.\",\"breadcrumb\":{\"@id\":\"https:\\\/\\\/www.cogemacoustic.com\\\/es\\\/equipos-nuevos-stock\\\/#breadcrumb\"},\"inLanguage\":\"es-ES\",\"potentialAction\":[{\"@type\":\"ReadAction\",\"target\":[\"https:\\\/\\\/www.cogemacoustic.com\\\/es\\\/equipos-nuevos-stock\\\/\"]}]},{\"@type\":\"BreadcrumbList\",\"@id\":\"https:\\\/\\\/www.cogemacoustic.com\\\/es\\\/equipos-nuevos-stock\\\/#breadcrumb\",\"itemListElement\":[{\"@type\":\"ListItem\",\"position\":1,\"name\":\"Accueil\",\"item\":\"https:\\\/\\\/www.cogemacoustic.com\\\/es\\\/\"},{\"@type\":\"ListItem\",\"position\":2,\"name\":\"Ventiladores disponibles de inmediato\"}]},{\"@type\":\"WebSite\",\"@id\":\"https:\\\/\\\/www.cogemacoustic.com\\\/#website\",\"url\":\"https:\\\/\\\/www.cogemacoustic.com\\\/\",\"name\":\"Cogemacoustic\",\"description\":\"Ventilation Systems\",\"publisher\":{\"@id\":\"https:\\\/\\\/www.cogemacoustic.com\\\/#organization\"},\"potentialAction\":[{\"@type\":\"SearchAction\",\"target\":{\"@type\":\"EntryPoint\",\"urlTemplate\":\"https:\\\/\\\/www.cogemacoustic.com\\\/?s={search_term_string}\"},\"query-input\":{\"@type\":\"PropertyValueSpecification\",\"valueRequired\":true,\"valueName\":\"search_term_string\"}}],\"inLanguage\":\"es-ES\"},{\"@type\":\"Organization\",\"@id\":\"https:\\\/\\\/www.cogemacoustic.com\\\/#organization\",\"name\":\"ECE COGEMACOUSTIC\",\"url\":\"https:\\\/\\\/www.cogemacoustic.com\\\/\",\"logo\":{\"@type\":\"ImageObject\",\"inLanguage\":\"es-ES\",\"@id\":\"https:\\\/\\\/www.cogemacoustic.com\\\/#\\\/schema\\\/logo\\\/image\\\/\",\"url\":\"https:\\\/\\\/www.cogemacoustic.com\\\/site\\\/wp-content\\\/uploads\\\/2019\\\/09\\\/logo_cogemacoustic-small.png\",\"contentUrl\":\"https:\\\/\\\/www.cogemacoustic.com\\\/site\\\/wp-content\\\/uploads\\\/2019\\\/09\\\/logo_cogemacoustic-small.png\",\"width\":360,\"height\":78,\"caption\":\"ECE COGEMACOUSTIC\"},\"image\":{\"@id\":\"https:\\\/\\\/www.cogemacoustic.com\\\/#\\\/schema\\\/logo\\\/image\\\/\"},\"sameAs\":[\"https:\\\/\\\/www.linkedin.com\\\/company\\\/ece-cogemacoustic\",\"https:\\\/\\\/youtu.be\\\/ij21XofrkAY\"]}]}<\/script>\n<!-- \/ Yoast SEO plugin. -->","yoast_head_json":{"title":"Ventiladores disponibles de inmediato - Cogemacoustic","description":"COGEMACOUSTIC tiene un stock de ventiladores disponibles de inmediato con el fin de tener una mayor capacidad de respuesta.","robots":{"index":"index","follow":"follow","max-snippet":"max-snippet:-1","max-image-preview":"max-image-preview:large","max-video-preview":"max-video-preview:-1"},"canonical":"https:\/\/www.cogemacoustic.com\/es\/equipos-nuevos-stock\/","og_locale":"es_ES","og_type":"article","og_title":"Ventiladores disponibles de inmediato - Cogemacoustic","og_description":"COGEMACOUSTIC tiene un stock de ventiladores disponibles de inmediato con el fin de tener una mayor capacidad de respuesta.","og_url":"https:\/\/www.cogemacoustic.com\/es\/equipos-nuevos-stock\/","og_site_name":"Cogemacoustic","article_modified_time":"2025-06-09T08:20:53+00:00","twitter_card":"summary_large_image","twitter_misc":{"Tiempo de lectura":"5 minutes"},"schema":{"@context":"https:\/\/schema.org","@graph":[{"@type":"WebPage","@id":"https:\/\/www.cogemacoustic.com\/es\/equipos-nuevos-stock\/","url":"https:\/\/www.cogemacoustic.com\/es\/equipos-nuevos-stock\/","name":"Ventiladores disponibles de inmediato - Cogemacoustic","isPartOf":{"@id":"https:\/\/www.cogemacoustic.com\/#website"},"datePublished":"2021-07-01T08:05:32+00:00","dateModified":"2025-06-09T08:20:53+00:00","description":"COGEMACOUSTIC tiene un stock de ventiladores disponibles de inmediato con el fin de tener una mayor capacidad de respuesta.","breadcrumb":{"@id":"https:\/\/www.cogemacoustic.com\/es\/equipos-nuevos-stock\/#breadcrumb"},"inLanguage":"es-ES","potentialAction":[{"@type":"ReadAction","target":["https:\/\/www.cogemacoustic.com\/es\/equipos-nuevos-stock\/"]}]},{"@type":"BreadcrumbList","@id":"https:\/\/www.cogemacoustic.com\/es\/equipos-nuevos-stock\/#breadcrumb","itemListElement":[{"@type":"ListItem","position":1,"name":"Accueil","item":"https:\/\/www.cogemacoustic.com\/es\/"},{"@type":"ListItem","position":2,"name":"Ventiladores disponibles de inmediato"}]},{"@type":"WebSite","@id":"https:\/\/www.cogemacoustic.com\/#website","url":"https:\/\/www.cogemacoustic.com\/","name":"Cogemacoustic","description":"Ventilation Systems","publisher":{"@id":"https:\/\/www.cogemacoustic.com\/#organization"},"potentialAction":[{"@type":"SearchAction","target":{"@type":"EntryPoint","urlTemplate":"https:\/\/www.cogemacoustic.com\/?s={search_term_string}"},"query-input":{"@type":"PropertyValueSpecification","valueRequired":true,"valueName":"search_term_string"}}],"inLanguage":"es-ES"},{"@type":"Organization","@id":"https:\/\/www.cogemacoustic.com\/#organization","name":"ECE COGEMACOUSTIC","url":"https:\/\/www.cogemacoustic.com\/","logo":{"@type":"ImageObject","inLanguage":"es-ES","@id":"https:\/\/www.cogemacoustic.com\/#\/schema\/logo\/image\/","url":"https:\/\/www.cogemacoustic.com\/site\/wp-content\/uploads\/2019\/09\/logo_cogemacoustic-small.png","contentUrl":"https:\/\/www.cogemacoustic.com\/site\/wp-content\/uploads\/2019\/09\/logo_cogemacoustic-small.png","width":360,"height":78,"caption":"ECE COGEMACOUSTIC"},"image":{"@id":"https:\/\/www.cogemacoustic.com\/#\/schema\/logo\/image\/"},"sameAs":["https:\/\/www.linkedin.com\/company\/ece-cogemacoustic","https:\/\/youtu.be\/ij21XofrkAY"]}]}},"_links":{"self":[{"href":"https:\/\/www.cogemacoustic.com\/es\/wp-json\/wp\/v2\/pages\/11131","targetHints":{"allow":["GET"]}}],"collection":[{"href":"https:\/\/www.cogemacoustic.com\/es\/wp-json\/wp\/v2\/pages"}],"about":[{"href":"https:\/\/www.cogemacoustic.com\/es\/wp-json\/wp\/v2\/types\/page"}],"author":[{"embeddable":true,"href":"https:\/\/www.cogemacoustic.com\/es\/wp-json\/wp\/v2\/users\/2"}],"replies":[{"embeddable":true,"href":"https:\/\/www.cogemacoustic.com\/es\/wp-json\/wp\/v2\/comments?post=11131"}],"version-history":[{"count":11,"href":"https:\/\/www.cogemacoustic.com\/es\/wp-json\/wp\/v2\/pages\/11131\/revisions"}],"predecessor-version":[{"id":12065,"href":"https:\/\/www.cogemacoustic.com\/es\/wp-json\/wp\/v2\/pages\/11131\/revisions\/12065"}],"wp:attachment":[{"href":"https:\/\/www.cogemacoustic.com\/es\/wp-json\/wp\/v2\/media?parent=11131"}],"curies":[{"name":"wp","href":"https:\/\/api.w.org\/{rel}","templated":true}]}}