{"id":11144,"date":"2019-05-03T11:33:49","date_gmt":"2019-05-03T09:33:49","guid":{"rendered":"https:\/\/www.cogemacoustic.com\/references\/"},"modified":"2025-01-14T11:46:32","modified_gmt":"2025-01-14T10:46:32","slug":"nuestras-referencias","status":"publish","type":"page","link":"https:\/\/www.cogemacoustic.com\/es\/nuestras-referencias\/","title":{"rendered":"Nuestras Referencias"},"content":{"rendered":"<p>[et_pb_section fb_built=&#8221;1&#8243; admin_label=&#8221;Hero&#8221; _builder_version=&#8221;4.16&#8243; background_color=&#8221;rgba(0,0,0,0.6)&#8221; use_background_color_gradient=&#8221;on&#8221; background_color_gradient_stops=&#8221;rgba(0,0,0,0.5) 0%|rgba(0,0,0,0) 100%&#8221; background_color_gradient_start=&#8221;rgba(0,0,0,0.5)&#8221; background_color_gradient_end=&#8221;rgba(0,0,0,0)&#8221; parallax=&#8221;on&#8221; parallax_method=&#8221;off&#8221; custom_margin=&#8221;|||&#8221; custom_padding=&#8221;70px||0px|||&#8221; top_divider_style=&#8221;slant2&#8243; top_divider_color=&#8221;#d54745&#8243; bottom_divider_style=&#8221;slant&#8221; bottom_divider_color=&#8221;#ffffff&#8221; bottom_divider_flip=&#8221;horizontal&#8221; animation_style=&#8221;slide&#8221; animation_direction=&#8221;top&#8221; animation_intensity_slide=&#8221;5%&#8221; animation_starting_opacity=&#8221;100%&#8221; z_index_tablet=&#8221;500&#8243; global_colors_info=&#8221;{}&#8221;][et_pb_row column_structure=&#8221;3_4,1_4&#8243; module_id=&#8221;realisations&#8221; _builder_version=&#8221;4.16&#8243; background_size=&#8221;initial&#8221; background_position=&#8221;top_left&#8221; background_repeat=&#8221;repeat&#8221; custom_padding=&#8221;27px|0px|50px|0px&#8221; z_index_tablet=&#8221;500&#8243; global_colors_info=&#8221;{}&#8221;][et_pb_column type=&#8221;3_4&#8243; _builder_version=&#8221;4.16&#8243; custom_padding=&#8221;|||&#8221; global_colors_info=&#8221;{}&#8221; custom_padding__hover=&#8221;|||&#8221;][et_pb_text admin_label=&#8221;Title&#8221; _builder_version=&#8221;4.16&#8243; text_font=&#8221;Archivo Narrow|700||on|||||&#8221; text_font_size=&#8221;40px&#8221; text_line_height=&#8221;0.9em&#8221; header_font=&#8221;Archivo Narrow|600|||||||&#8221; header_font_size=&#8221;40px&#8221; header_line_height=&#8221;1.2em&#8221; header_2_font=&#8221;Archivo Narrow|600|||||||&#8221; header_2_font_size=&#8221;75px&#8221; background_layout=&#8221;dark&#8221; animation_style=&#8221;zoom&#8221; animation_direction=&#8221;left&#8221; animation_intensity_zoom=&#8221;10%&#8221; text_font_size_tablet=&#8221;30px&#8221; text_font_size_phone=&#8221;24px&#8221; text_font_size_last_edited=&#8221;on|desktop&#8221; header_font_size_tablet=&#8221;35px&#8221; header_font_size_phone=&#8221;25px&#8221; header_font_size_last_edited=&#8221;on|phone&#8221; header_2_font_size_tablet=&#8221;55px&#8221; header_2_font_size_phone=&#8221;35px&#8221; header_2_font_size_last_edited=&#8221;on|phone&#8221; z_index_tablet=&#8221;500&#8243; global_colors_info=&#8221;{}&#8221; text_letter_spacing__hover_enabled=&#8221;on&#8221;]<\/p>\n<h1>REFERENCIAS<\/h1>\n<p>[\/et_pb_text][et_pb_divider divider_weight=&#8221;3px&#8221; admin_label=&#8221;S\u00e9parateur&#8221; _builder_version=&#8221;4.16&#8243; max_width=&#8221;200px&#8221; max_width_tablet=&#8221;&#8221; max_width_phone=&#8221;&#8221; max_width_last_edited=&#8221;on|desktop&#8221; animation_style=&#8221;slide&#8221; animation_direction=&#8221;left&#8221; global_colors_info=&#8221;{}&#8221;]<br \/>\n[\/et_pb_divider][et_pb_text _builder_version=&#8221;4.16&#8243; text_font=&#8221;Archivo Narrow||||||||&#8221; text_text_color=&#8221;#ffffff&#8221; text_font_size=&#8221;20px&#8221; text_line_height=&#8221;1.6em&#8221; header_2_font=&#8221;Archivo Narrow|||on|||||&#8221; header_2_text_color=&#8221;#000000&#8243; header_2_font_size=&#8221;30px&#8221; header_3_font=&#8221;Archivo Narrow|||on|||||&#8221; header_3_text_color=&#8221;#e02b20&#8243; header_3_font_size=&#8221;25px&#8221; background_layout=&#8221;dark&#8221; custom_margin=&#8221;-30px|||||&#8221; custom_padding=&#8221;||30px|&#8221; animation_style=&#8221;fade&#8221; z_index_tablet=&#8221;500&#8243; global_colors_info=&#8221;{}&#8221;]<\/p>\n<p>COGEMACOUSTIC trabaja con m\u00e1s de 60 pa\u00edses diferentes alrededor del mundo.<br \/>Descubra nuestras referencias internacionales en ventilaci\u00f3n de minas y t\u00faneles.<\/p>\n<p>[\/et_pb_text][\/et_pb_column][et_pb_column type=&#8221;1_4&#8243; _builder_version=&#8221;4.16&#8243; custom_padding=&#8221;|||&#8221; global_colors_info=&#8221;{}&#8221; custom_padding__hover=&#8221;|||&#8221;][\/et_pb_column][\/et_pb_row][\/et_pb_section][et_pb_section fb_built=&#8221;1&#8243; module_id=&#8221;ref&#8221; _builder_version=&#8221;4.16&#8243; inner_width_tablet=&#8221;50px&#8221; inner_max_width_tablet=&#8221;50px&#8221; custom_margin=&#8221;0px|||&#8221; z_index_tablet=&#8221;500&#8243; global_colors_info=&#8221;{}&#8221;][et_pb_row _builder_version=&#8221;4.16&#8243; _module_preset=&#8221;default&#8221; global_colors_info=&#8221;{}&#8221;][et_pb_column type=&#8221;4_4&#8243; _builder_version=&#8221;4.16&#8243; _module_preset=&#8221;default&#8221; global_colors_info=&#8221;{}&#8221;][et_pb_gallery gallery_ids=&#8221;850,826,866,870,868,840,858,854,834,836,838,842,846,848,852,832,830,828,824&#8243; gallery_orderby=&#8221;rand&#8221; fullwidth=&#8221;on&#8221; _builder_version=&#8221;4.16&#8243; animation_style=&#8221;slide&#8221; auto=&#8221;on&#8221; auto_speed=&#8221;3000&#8243; z_index_tablet=&#8221;500&#8243; global_colors_info=&#8221;{}&#8221;][\/et_pb_gallery][\/et_pb_column][\/et_pb_row][et_pb_row column_structure=&#8221;1_3,1_3,1_3&#8243; _builder_version=&#8221;4.16&#8243; custom_margin=&#8221;0px|||&#8221; custom_padding=&#8221;0px|||&#8221; z_index_tablet=&#8221;500&#8243; global_colors_info=&#8221;{}&#8221;][et_pb_column type=&#8221;1_3&#8243; _builder_version=&#8221;4.16&#8243; custom_padding=&#8221;|||&#8221; global_colors_info=&#8221;{}&#8221; custom_padding__hover=&#8221;|||&#8221;][\/et_pb_column][et_pb_column type=&#8221;1_3&#8243; _builder_version=&#8221;4.16&#8243; custom_padding=&#8221;|||&#8221; global_colors_info=&#8221;{}&#8221; custom_padding__hover=&#8221;|||&#8221;][et_pb_button button_url=&#8221;@ET-DC@eyJkeW5hbWljIjp0cnVlLCJjb250ZW50IjoicG9zdF9saW5rX3VybF9hdHRhY2htZW50Iiwic2V0dGluZ3MiOnsicG9zdF9pZCI6IjExODc2In19@&#8221; url_new_window=&#8221;on&#8221; button_text=&#8221; Descubra nuestro portafolio&#8221; button_alignment=&#8221;center&#8221; _builder_version=&#8221;4.27.4&#8243; custom_button=&#8221;on&#8221; button_bg_use_color_gradient=&#8221;on&#8221; button_bg_color_gradient_direction=&#8221;90deg&#8221; button_bg_color_gradient_stops=&#8221;#962e2c 0%|#d54745 100%&#8221; button_bg_color_gradient_start=&#8221;#962e2c&#8221; button_bg_color_gradient_end=&#8221;#d54745&#8243; button_border_width=&#8221;0px&#8221; button_border_radius=&#8221;0px&#8221; button_font=&#8221;Archivo Narrow|500||on|||||&#8221; button_icon=&#8221;&#x24;||divi||400&#8243; button_on_hover=&#8221;off&#8221; background_layout=&#8221;dark&#8221; custom_margin=&#8221;100px|||&#8221; custom_padding=&#8221;24px|60px|24px|40px&#8221; animation_style=&#8221;slide&#8221; animation_direction=&#8221;left&#8221; animation_delay=&#8221;200ms&#8221; hover_enabled=&#8221;0&#8243; z_index_tablet=&#8221;500&#8243; global_colors_info=&#8221;{}&#8221; button_text_size__hover_enabled=&#8221;off&#8221; button_one_text_size__hover_enabled=&#8221;off&#8221; button_two_text_size__hover_enabled=&#8221;off&#8221; button_text_color__hover_enabled=&#8221;off&#8221; button_one_text_color__hover_enabled=&#8221;off&#8221; button_two_text_color__hover_enabled=&#8221;off&#8221; button_border_width__hover_enabled=&#8221;off&#8221; button_one_border_width__hover_enabled=&#8221;off&#8221; button_two_border_width__hover_enabled=&#8221;off&#8221; button_border_color__hover_enabled=&#8221;off&#8221; button_one_border_color__hover_enabled=&#8221;off&#8221; button_two_border_color__hover_enabled=&#8221;off&#8221; button_border_radius__hover_enabled=&#8221;off&#8221; button_one_border_radius__hover_enabled=&#8221;off&#8221; button_two_border_radius__hover_enabled=&#8221;off&#8221; button_letter_spacing__hover_enabled=&#8221;off&#8221; button_one_letter_spacing__hover_enabled=&#8221;off&#8221; button_two_letter_spacing__hover_enabled=&#8221;off&#8221; button_bg_color__hover_enabled=&#8221;off&#8221; button_one_bg_color__hover_enabled=&#8221;off&#8221; button_two_bg_color__hover_enabled=&#8221;off&#8221; _dynamic_attributes=&#8221;button_url&#8221; sticky_enabled=&#8221;0&#8243;]<br \/>\n[\/et_pb_button][\/et_pb_column][et_pb_column type=&#8221;1_3&#8243; _builder_version=&#8221;4.16&#8243; custom_padding=&#8221;|||&#8221; global_colors_info=&#8221;{}&#8221; custom_padding__hover=&#8221;|||&#8221;][\/et_pb_column][\/et_pb_row][\/et_pb_section][et_pb_section fb_built=&#8221;1&#8243; admin_label=&#8221;Quote&#8221; module_id=&#8221;agents&#8221; _builder_version=&#8221;4.16&#8243; use_background_color_gradient=&#8221;on&#8221; background_color_gradient_direction=&#8221;120deg&#8221; background_color_gradient_stops=&#8221;#d54745 0%|#962e2c 100%&#8221; background_color_gradient_start=&#8221;#d54745&#8243; background_color_gradient_end=&#8221;#962e2c&#8221; background_size=&#8221;contain&#8221; background_position=&#8221;top_right&#8221; max_width=&#8221;75%&#8221; max_width_tablet=&#8221;100%&#8221; max_width_phone=&#8221;&#8221; max_width_last_edited=&#8221;on|desktop&#8221; module_alignment=&#8221;right&#8221; custom_margin=&#8221;40px||80px|&#8221; custom_padding=&#8221;0px||30px|&#8221; animation_style=&#8221;slide&#8221; animation_direction=&#8221;right&#8221; animation_duration=&#8221;1500ms&#8221; z_index_tablet=&#8221;500&#8243; global_colors_info=&#8221;{}&#8221;][et_pb_row column_structure=&#8221;1_2,1_2&#8243; _builder_version=&#8221;4.16&#8243; width=&#8221;87.8%&#8221; custom_margin=&#8221;|auto||0px&#8221; custom_margin_tablet=&#8221;|10%||10%&#8221; custom_margin_last_edited=&#8221;off|desktop&#8221; custom_padding=&#8221;||30px|&#8221; z_index_tablet=&#8221;500&#8243; use_custom_width=&#8221;on&#8221; width_unit=&#8221;off&#8221; global_colors_info=&#8221;{}&#8221;][et_pb_column type=&#8221;1_2&#8243; _builder_version=&#8221;4.16&#8243; custom_padding=&#8221;|||44px&#8221; global_colors_info=&#8221;{}&#8221; custom_padding__hover=&#8221;|||&#8221;][et_pb_image src=&#8221;https:\/\/www.cogemacoustic.org\/site\/wp-content\/uploads\/2019\/05\/map_agents.jpg&#8221; align_tablet=&#8221;center&#8221; align_phone=&#8221;&#8221; align_last_edited=&#8221;on|desktop&#8221; _builder_version=&#8221;4.16&#8243; width=&#8221;420px&#8221; z_index_tablet=&#8221;500&#8243; box_shadow_style=&#8221;preset1&#8243; box_shadow_vertical=&#8221;5px&#8221; box_shadow_blur=&#8221;25px&#8221; global_colors_info=&#8221;{}&#8221;][\/et_pb_image][\/et_pb_column][et_pb_column type=&#8221;1_2&#8243; _builder_version=&#8221;4.16&#8243; custom_padding=&#8221;30px|5vw||&#8221; global_colors_info=&#8221;{}&#8221; custom_padding__hover=&#8221;|||&#8221;][et_pb_text _builder_version=&#8221;4.16&#8243; text_font=&#8221;Archivo Narrow||||||||&#8221; text_text_color=&#8221;#000000&#8243; text_font_size=&#8221;20px&#8221; text_line_height=&#8221;1.6em&#8221; header_2_font=&#8221;Archivo Narrow|||on|||||&#8221; header_2_text_color=&#8221;#000000&#8243; header_2_font_size=&#8221;30px&#8221; header_3_font=&#8221;Archivo Narrow|||on|||||&#8221; header_3_text_color=&#8221;#ffffff&#8221; header_3_font_size=&#8221;25px&#8221; background_layout=&#8221;dark&#8221; custom_padding=&#8221;||1px|||&#8221; animation_style=&#8221;fade&#8221; z_index_tablet=&#8221;500&#8243; global_colors_info=&#8221;{}&#8221;]<\/p>\n<h2>NUESTOS AGENTES<\/h2>\n<p>[\/et_pb_text][et_pb_divider color=&#8221;#ffffff&#8221; divider_weight=&#8221;3px&#8221; _builder_version=&#8221;4.16&#8243; max_width=&#8221;200px&#8221; max_width_tablet=&#8221;&#8221; max_width_phone=&#8221;&#8221; max_width_last_edited=&#8221;on|desktop&#8221; custom_margin=&#8221;-20px|||||&#8221; animation_style=&#8221;slide&#8221; animation_direction=&#8221;left&#8221; z_index_tablet=&#8221;500&#8243; global_colors_info=&#8221;{}&#8221;]<br \/>\n[\/et_pb_divider][\/et_pb_column][\/et_pb_row][et_pb_row column_structure=&#8221;1_4,1_4,1_4,1_4&#8243; _builder_version=&#8221;4.16&#8243; background_size=&#8221;initial&#8221; background_position=&#8221;top_left&#8221; background_repeat=&#8221;repeat&#8221; global_colors_info=&#8221;{}&#8221;][et_pb_column type=&#8221;1_4&#8243; _builder_version=&#8221;4.16&#8243; custom_padding=&#8221;|||&#8221; global_colors_info=&#8221;{}&#8221; custom_padding__hover=&#8221;|||&#8221;][et_pb_text admin_label=&#8221;Texte&#8221; _builder_version=&#8221;4.16&#8243; text_font=&#8221;Archivo Narrow||||||||&#8221; text_text_color=&#8221;#ffffff&#8221; text_font_size=&#8221;20px&#8221; text_line_height=&#8221;1.6em&#8221; header_3_font=&#8221;Archivo Narrow|||on|||||&#8221; header_3_text_color=&#8221;#000000&#8243; header_3_font_size=&#8221;25px&#8221; z_index_tablet=&#8221;500&#8243; global_colors_info=&#8221;{}&#8221;]<\/p>\n<h3 class=\"p1\">EUROPA<\/h3>\n<p>Austria<br \/>Bulgaria<br \/>Espa\u00f1a<br \/>Estonia<br \/>Finlandia<br \/>Grecia<br \/>Italia<br \/>Noruega<br \/>Portugal<br \/>Reps. Checo<br \/>Reino Unido<br \/>Suecia<br \/>Suizo<br \/>Turqu\u00eda<\/p>\n<p>[\/et_pb_text][\/et_pb_column][et_pb_column type=&#8221;1_4&#8243; _builder_version=&#8221;4.16&#8243; custom_padding=&#8221;|||&#8221; global_colors_info=&#8221;{}&#8221; custom_padding__hover=&#8221;|||&#8221;][et_pb_text _builder_version=&#8221;4.16&#8243; text_font=&#8221;Archivo Narrow||||||||&#8221; text_text_color=&#8221;#ffffff&#8221; text_font_size=&#8221;20px&#8221; text_line_height=&#8221;1.6em&#8221; header_3_font=&#8221;Archivo Narrow|||on|||||&#8221; header_3_text_color=&#8221;#000000&#8243; header_3_font_size=&#8221;25px&#8221; z_index_tablet=&#8221;500&#8243; global_colors_info=&#8221;{}&#8221;]<\/p>\n<h3 class=\"p1\">ASIA Y OCEAN\u00cdA<\/h3>\n<p class=\"p1\">Australia<br \/>China<br \/>Corea del Sur<br \/>Filipinas<br \/>Hong Kong<br \/>India<br \/>Indonesia<br \/>Jap\u00f3n<br \/>Kazajst\u00e1n<br \/>Nueva Zelanda<br \/>Rusia<br \/>Singapur<br \/>Tailandia<\/p>\n<p>[\/et_pb_text][\/et_pb_column][et_pb_column type=&#8221;1_4&#8243; _builder_version=&#8221;4.16&#8243; custom_padding=&#8221;|||&#8221; global_colors_info=&#8221;{}&#8221; custom_padding__hover=&#8221;|||&#8221;][et_pb_text _builder_version=&#8221;4.16&#8243; text_text_color=&#8221;#ffffff&#8221; text_font_size=&#8221;20px&#8221; text_line_height=&#8221;1.6em&#8221; header_3_font=&#8221;Archivo Narrow|||on|||||&#8221; header_3_text_color=&#8221;#000000&#8243; header_3_font_size=&#8221;25px&#8221; z_index_tablet=&#8221;500&#8243; global_colors_info=&#8221;{}&#8221;]<\/p>\n<h3 class=\"p1\">AMERICA<\/h3>\n<p class=\"p1\">Brasil<br \/>Canad\u00e1<br \/>Chile<br \/>Colombia<br \/>Estados Unidos<br \/>M\u00e9xico<br \/>Per\u00fa<\/p>\n<p>[\/et_pb_text][\/et_pb_column][et_pb_column type=&#8221;1_4&#8243; _builder_version=&#8221;4.16&#8243; custom_padding=&#8221;|||&#8221; global_colors_info=&#8221;{}&#8221; custom_padding__hover=&#8221;|||&#8221;][et_pb_text _builder_version=&#8221;4.16&#8243; text_font=&#8221;Archivo Narrow||||||||&#8221; text_text_color=&#8221;#ffffff&#8221; text_font_size=&#8221;20px&#8221; text_line_height=&#8221;1.6em&#8221; header_3_font=&#8221;Archivo Narrow|||on|||||&#8221; header_3_text_color=&#8221;#000000&#8243; header_3_font_size=&#8221;25px&#8221; z_index_tablet=&#8221;500&#8243; global_colors_info=&#8221;{}&#8221;]<\/p>\n<h3 class=\"p2\">\u00c1FRICA<\/h3>\n<p class=\"p2\">\u00c1frica del Sur<br \/>Argelia<br \/>Ghana<br \/>Marruecos<br \/>Tanzania<br \/>Zambia<\/p>\n<p>[\/et_pb_text][\/et_pb_column][\/et_pb_row][\/et_pb_section]<\/p>\n","protected":false},"excerpt":{"rendered":"<p>REFERENCIAS COGEMACOUSTIC trabaja con m\u00e1s de 60 pa\u00edses diferentes alrededor del mundo.Descubra nuestras referencias internacionales en ventilaci\u00f3n de minas y t\u00faneles. NUESTOS AGENTES EUROPA AustriaBulgariaEspa\u00f1aEstoniaFinlandiaGreciaItaliaNoruegaPortugalReps. ChecoReino UnidoSueciaSuizoTurqu\u00edaASIA Y OCEAN\u00cdA AustraliaChinaCorea del SurFilipinasHong KongIndiaIndonesiaJap\u00f3nKazajst\u00e1nNueva ZelandaRusiaSingapurTailandiaAMERICA BrasilCanad\u00e1ChileColombiaEstados UnidosM\u00e9xicoPer\u00fa\u00c1FRICA \u00c1frica del SurArgeliaGhanaMarruecosTanzaniaZambia<\/p>\n","protected":false},"author":2,"featured_media":0,"parent":0,"menu_order":0,"comment_status":"closed","ping_status":"closed","template":"","meta":{"_et_pb_use_builder":"on","_et_pb_old_content":"<p>Voici un exemple de page. Elle est diff\u00e9rente d\u2019un article de blog, en cela qu\u2019elle restera \u00e0 la m\u00eame place, et s\u2019affichera dans le menu de navigation de votre site (en fonction de votre th\u00e8me). La plupart des gens commencent par \u00e9crire une page \u00ab\u00a0\u00c0 Propos\u00a0\u00bb qui les pr\u00e9sente aux visiteurs potentiels du site. Vous pourriez y \u00e9crire quelque chose de ce tenant\u00a0:<\/p><blockquote><p>Bonjour\u00a0! Je suis un m\u00e9canicien qui aspire \u00e0 devenir un acteur, et ceci est mon blog. J\u2019habite \u00e0 Bordeaux, j\u2019ai un super chien qui s\u2019appelle Russell, et j\u2019aime la vodka-ananas (ainsi que perdre mon temps \u00e0 regarder la pluie tomber).<\/p><\/blockquote><p>...ou bien quelque chose comme cela\u00a0:<\/p><blockquote><p>La soci\u00e9t\u00e9 123 Machin Truc a \u00e9t\u00e9 cr\u00e9\u00e9e en 1971, et n\u2019a cess\u00e9 de proposer au public des machins-trucs de qualit\u00e9 depuis cette ann\u00e9e. Situ\u00e9e \u00e0 Saint-Remy-en-Bouzemont-Saint-Genest-et-Isson, 123 Machin Truc emploie 2\u00a0000 personnes, et fabrique toutes sortes de bidules super pour la communaut\u00e9 bouzemontoise.<\/p><\/blockquote><p>\u00c9tant donn\u00e9 que vous \u00eates un nouvel utilisateur ou une nouvelle utilisatrice de WordPress, vous devriez vous rendre sur votre <a href=\"https:\/\/www.cogemacoustic.org\/site\/wp-admin\/\">tableau de bord<\/a> pour effacer la pr\u00e9sente page, et cr\u00e9er de nouvelles pages avec votre propre contenu. Amusez-vous bien\u00a0!<\/p>","_et_gb_content_width":"","footnotes":""},"class_list":["post-11144","page","type-page","status-publish","hentry"],"yoast_head":"<!-- This site is optimized with the Yoast SEO plugin v27.6 - https:\/\/yoast.com\/product\/yoast-seo-wordpress\/ -->\n<title>Nuestras Referencias - Cogemacoustic<\/title>\n<meta name=\"description\" content=\"COGEMACOUSTIC trabaja con m\u00e1s de 60 pa\u00edses diferentes. Descubra nuestras referencias internacionales en ventilaci\u00f3n de t\u00faneles mineros.\" \/>\n<meta name=\"robots\" content=\"index, follow, max-snippet:-1, max-image-preview:large, max-video-preview:-1\" \/>\n<link rel=\"canonical\" href=\"https:\/\/www.cogemacoustic.com\/es\/nuestras-referencias\/\" \/>\n<meta property=\"og:locale\" content=\"es_ES\" \/>\n<meta property=\"og:type\" content=\"article\" \/>\n<meta property=\"og:title\" content=\"Nuestras Referencias - Cogemacoustic\" \/>\n<meta property=\"og:description\" content=\"COGEMACOUSTIC trabaja con m\u00e1s de 60 pa\u00edses diferentes. Descubra nuestras referencias internacionales en ventilaci\u00f3n de t\u00faneles mineros.\" \/>\n<meta property=\"og:url\" content=\"https:\/\/www.cogemacoustic.com\/es\/nuestras-referencias\/\" \/>\n<meta property=\"og:site_name\" content=\"Cogemacoustic\" \/>\n<meta property=\"article:modified_time\" content=\"2025-01-14T10:46:32+00:00\" \/>\n<meta name=\"twitter:card\" content=\"summary_large_image\" \/>\n<meta name=\"twitter:label1\" content=\"Tiempo de lectura\" \/>\n\t<meta name=\"twitter:data1\" content=\"3 minutes\" \/>\n<script type=\"application\/ld+json\" class=\"yoast-schema-graph\">{\"@context\":\"https:\\\/\\\/schema.org\",\"@graph\":[{\"@type\":\"WebPage\",\"@id\":\"https:\\\/\\\/www.cogemacoustic.com\\\/es\\\/nuestras-referencias\\\/\",\"url\":\"https:\\\/\\\/www.cogemacoustic.com\\\/es\\\/nuestras-referencias\\\/\",\"name\":\"Nuestras Referencias - Cogemacoustic\",\"isPartOf\":{\"@id\":\"https:\\\/\\\/www.cogemacoustic.com\\\/#website\"},\"datePublished\":\"2019-05-03T09:33:49+00:00\",\"dateModified\":\"2025-01-14T10:46:32+00:00\",\"description\":\"COGEMACOUSTIC trabaja con m\u00e1s de 60 pa\u00edses diferentes. Descubra nuestras referencias internacionales en ventilaci\u00f3n de t\u00faneles mineros.\",\"breadcrumb\":{\"@id\":\"https:\\\/\\\/www.cogemacoustic.com\\\/es\\\/nuestras-referencias\\\/#breadcrumb\"},\"inLanguage\":\"es-ES\",\"potentialAction\":[{\"@type\":\"ReadAction\",\"target\":[\"https:\\\/\\\/www.cogemacoustic.com\\\/es\\\/nuestras-referencias\\\/\"]}]},{\"@type\":\"BreadcrumbList\",\"@id\":\"https:\\\/\\\/www.cogemacoustic.com\\\/es\\\/nuestras-referencias\\\/#breadcrumb\",\"itemListElement\":[{\"@type\":\"ListItem\",\"position\":1,\"name\":\"Accueil\",\"item\":\"https:\\\/\\\/www.cogemacoustic.com\\\/es\\\/\"},{\"@type\":\"ListItem\",\"position\":2,\"name\":\"Nuestras Referencias\"}]},{\"@type\":\"WebSite\",\"@id\":\"https:\\\/\\\/www.cogemacoustic.com\\\/#website\",\"url\":\"https:\\\/\\\/www.cogemacoustic.com\\\/\",\"name\":\"Cogemacoustic\",\"description\":\"Ventilation Systems\",\"publisher\":{\"@id\":\"https:\\\/\\\/www.cogemacoustic.com\\\/#organization\"},\"potentialAction\":[{\"@type\":\"SearchAction\",\"target\":{\"@type\":\"EntryPoint\",\"urlTemplate\":\"https:\\\/\\\/www.cogemacoustic.com\\\/?s={search_term_string}\"},\"query-input\":{\"@type\":\"PropertyValueSpecification\",\"valueRequired\":true,\"valueName\":\"search_term_string\"}}],\"inLanguage\":\"es-ES\"},{\"@type\":\"Organization\",\"@id\":\"https:\\\/\\\/www.cogemacoustic.com\\\/#organization\",\"name\":\"ECE COGEMACOUSTIC\",\"url\":\"https:\\\/\\\/www.cogemacoustic.com\\\/\",\"logo\":{\"@type\":\"ImageObject\",\"inLanguage\":\"es-ES\",\"@id\":\"https:\\\/\\\/www.cogemacoustic.com\\\/#\\\/schema\\\/logo\\\/image\\\/\",\"url\":\"https:\\\/\\\/www.cogemacoustic.com\\\/site\\\/wp-content\\\/uploads\\\/2019\\\/09\\\/logo_cogemacoustic-small.png\",\"contentUrl\":\"https:\\\/\\\/www.cogemacoustic.com\\\/site\\\/wp-content\\\/uploads\\\/2019\\\/09\\\/logo_cogemacoustic-small.png\",\"width\":360,\"height\":78,\"caption\":\"ECE COGEMACOUSTIC\"},\"image\":{\"@id\":\"https:\\\/\\\/www.cogemacoustic.com\\\/#\\\/schema\\\/logo\\\/image\\\/\"},\"sameAs\":[\"https:\\\/\\\/www.linkedin.com\\\/company\\\/ece-cogemacoustic\",\"https:\\\/\\\/youtu.be\\\/ij21XofrkAY\"]}]}<\/script>\n<!-- \/ Yoast SEO plugin. -->","yoast_head_json":{"title":"Nuestras Referencias - Cogemacoustic","description":"COGEMACOUSTIC trabaja con m\u00e1s de 60 pa\u00edses diferentes. Descubra nuestras referencias internacionales en ventilaci\u00f3n de t\u00faneles mineros.","robots":{"index":"index","follow":"follow","max-snippet":"max-snippet:-1","max-image-preview":"max-image-preview:large","max-video-preview":"max-video-preview:-1"},"canonical":"https:\/\/www.cogemacoustic.com\/es\/nuestras-referencias\/","og_locale":"es_ES","og_type":"article","og_title":"Nuestras Referencias - Cogemacoustic","og_description":"COGEMACOUSTIC trabaja con m\u00e1s de 60 pa\u00edses diferentes. Descubra nuestras referencias internacionales en ventilaci\u00f3n de t\u00faneles mineros.","og_url":"https:\/\/www.cogemacoustic.com\/es\/nuestras-referencias\/","og_site_name":"Cogemacoustic","article_modified_time":"2025-01-14T10:46:32+00:00","twitter_card":"summary_large_image","twitter_misc":{"Tiempo de lectura":"3 minutes"},"schema":{"@context":"https:\/\/schema.org","@graph":[{"@type":"WebPage","@id":"https:\/\/www.cogemacoustic.com\/es\/nuestras-referencias\/","url":"https:\/\/www.cogemacoustic.com\/es\/nuestras-referencias\/","name":"Nuestras Referencias - Cogemacoustic","isPartOf":{"@id":"https:\/\/www.cogemacoustic.com\/#website"},"datePublished":"2019-05-03T09:33:49+00:00","dateModified":"2025-01-14T10:46:32+00:00","description":"COGEMACOUSTIC trabaja con m\u00e1s de 60 pa\u00edses diferentes. Descubra nuestras referencias internacionales en ventilaci\u00f3n de t\u00faneles mineros.","breadcrumb":{"@id":"https:\/\/www.cogemacoustic.com\/es\/nuestras-referencias\/#breadcrumb"},"inLanguage":"es-ES","potentialAction":[{"@type":"ReadAction","target":["https:\/\/www.cogemacoustic.com\/es\/nuestras-referencias\/"]}]},{"@type":"BreadcrumbList","@id":"https:\/\/www.cogemacoustic.com\/es\/nuestras-referencias\/#breadcrumb","itemListElement":[{"@type":"ListItem","position":1,"name":"Accueil","item":"https:\/\/www.cogemacoustic.com\/es\/"},{"@type":"ListItem","position":2,"name":"Nuestras Referencias"}]},{"@type":"WebSite","@id":"https:\/\/www.cogemacoustic.com\/#website","url":"https:\/\/www.cogemacoustic.com\/","name":"Cogemacoustic","description":"Ventilation Systems","publisher":{"@id":"https:\/\/www.cogemacoustic.com\/#organization"},"potentialAction":[{"@type":"SearchAction","target":{"@type":"EntryPoint","urlTemplate":"https:\/\/www.cogemacoustic.com\/?s={search_term_string}"},"query-input":{"@type":"PropertyValueSpecification","valueRequired":true,"valueName":"search_term_string"}}],"inLanguage":"es-ES"},{"@type":"Organization","@id":"https:\/\/www.cogemacoustic.com\/#organization","name":"ECE COGEMACOUSTIC","url":"https:\/\/www.cogemacoustic.com\/","logo":{"@type":"ImageObject","inLanguage":"es-ES","@id":"https:\/\/www.cogemacoustic.com\/#\/schema\/logo\/image\/","url":"https:\/\/www.cogemacoustic.com\/site\/wp-content\/uploads\/2019\/09\/logo_cogemacoustic-small.png","contentUrl":"https:\/\/www.cogemacoustic.com\/site\/wp-content\/uploads\/2019\/09\/logo_cogemacoustic-small.png","width":360,"height":78,"caption":"ECE COGEMACOUSTIC"},"image":{"@id":"https:\/\/www.cogemacoustic.com\/#\/schema\/logo\/image\/"},"sameAs":["https:\/\/www.linkedin.com\/company\/ece-cogemacoustic","https:\/\/youtu.be\/ij21XofrkAY"]}]}},"_links":{"self":[{"href":"https:\/\/www.cogemacoustic.com\/es\/wp-json\/wp\/v2\/pages\/11144","targetHints":{"allow":["GET"]}}],"collection":[{"href":"https:\/\/www.cogemacoustic.com\/es\/wp-json\/wp\/v2\/pages"}],"about":[{"href":"https:\/\/www.cogemacoustic.com\/es\/wp-json\/wp\/v2\/types\/page"}],"author":[{"embeddable":true,"href":"https:\/\/www.cogemacoustic.com\/es\/wp-json\/wp\/v2\/users\/2"}],"replies":[{"embeddable":true,"href":"https:\/\/www.cogemacoustic.com\/es\/wp-json\/wp\/v2\/comments?post=11144"}],"version-history":[{"count":5,"href":"https:\/\/www.cogemacoustic.com\/es\/wp-json\/wp\/v2\/pages\/11144\/revisions"}],"predecessor-version":[{"id":11883,"href":"https:\/\/www.cogemacoustic.com\/es\/wp-json\/wp\/v2\/pages\/11144\/revisions\/11883"}],"wp:attachment":[{"href":"https:\/\/www.cogemacoustic.com\/es\/wp-json\/wp\/v2\/media?parent=11144"}],"curies":[{"name":"wp","href":"https:\/\/api.w.org\/{rel}","templated":true}]}}